{"id":1798,"date":"2022-04-13T08:42:57","date_gmt":"2022-04-13T06:42:57","guid":{"rendered":"https:\/\/vemet.ee\/tuotantoautomaatio\/"},"modified":"2022-04-13T15:25:30","modified_gmt":"2022-04-13T13:25:30","slug":"tuotantoautomaatio","status":"publish","type":"page","link":"https:\/\/vemet.ee\/fi\/tuotantoautomaatio\/","title":{"rendered":"Tuotantoautomaatio"},"content":{"rendered":"\n<figure class=\"wp-block-image size-full\"><img fetchpriority=\"high\" decoding=\"async\" width=\"1000\" height=\"492\" src=\"https:\/\/vemet.ee\/wp-content\/uploads\/2022\/04\/tootmise-automatiseerimine-1.jpeg\" alt=\"Tootmise automatiseerimine\" class=\"wp-image-1817\" srcset=\"https:\/\/vemet.ee\/wp-content\/uploads\/2022\/04\/tootmise-automatiseerimine-1.jpeg 1000w, https:\/\/vemet.ee\/wp-content\/uploads\/2022\/04\/tootmise-automatiseerimine-1-300x148.jpeg 300w, https:\/\/vemet.ee\/wp-content\/uploads\/2022\/04\/tootmise-automatiseerimine-1-768x378.jpeg 768w\" sizes=\"(max-width: 1000px) 100vw, 1000px\" \/><\/figure>\n\n\n\n<h2 class=\"wp-block-heading\">Tuotantoautomaatio<\/h2>\n\n\n\n<p>Olemme erikoistuneet tuotannon automatisointiin, jonka parissa yrityksemme on toiminut vuodesta 2014. Olemme erikoistuneet l\u00e4hinn\u00e4 puoli- ja t\u00e4ysautomaattisten laitteiden ja tuotantolinjojen <\/p>\n\n\n\n<h2 class=\"wp-block-heading\">Ratkaisut tuotantoprosessin mukaan<\/h2>\n\n\n\n<p>Hy\u00f6dynn\u00e4mme asiakkaan toiveita ja visiota, jotta lopputulos olisi l\u00e4hell\u00e4 ideaalia. Sen j\u00e4lkeen kehit\u00e4mme n\u00e4iden arvokkaiden ja innovatiivisten ideoiden pohjalta parhaan mahdollisen ratkaisun.<\/p>\n\n\n\n<p>Ty\u00f6prosessi on p\u00e4\u00e4s\u00e4\u00e4nt\u00f6isesti seuraava:<\/p>\n\n\n\n<ul class=\"wp-block-list\"><li>Tarpeiden ja mahdollisuuksien kartoitus<\/li><li>Ongelman m\u00e4\u00e4rittely ja lopullisen tavoitteen muotoilu<\/li><li>Konseptin kehitt\u00e4minen<\/li><li>Sopivan teknologian valinta<\/li><li>Ratkaisusuunnittelu<\/li><li>Laitteiden valmistus<\/li><li>Laitteiden testaus tuotannossa ja prosessin puutteiden eliminointi<\/li><li>Laitek\u00e4ytt\u00e4jien ja laitehuoltajien koulutus<\/li><li>J\u00e4lkihuollon toteutus<\/li><\/ul>\n\n\n\n<h2 class=\"wp-block-heading\">Tuotevalikoima \/ Tuotteemme<\/h2>\n\n\n\n<p>Suunnittelemme, valmistamme, asennamme ja huollamme erilaisia j\u00e4rjestelmi\u00e4 asiakkaan toiveiden mukaisesti, esimerkiksi:<\/p>\n\n\n\n<ul class=\"wp-block-list\"><li>Erilaiset tuotantolinjat (sek\u00e4 t\u00e4ys- ett\u00e4 puoliautomaattiset)<\/li><li>Kuljettimet<\/li><li>Ty\u00f6asemat<\/li><li>Nosto- ja pinoamisratkaisut<\/li><li>Ohjaimet<\/li><\/ul>\n\n\n\n<h2 class=\"wp-block-heading\">Tuotantolinjojen valmistus<\/h2>\n\n\n\n<p>Tarjoamamme tuotantolinjan valmistuspalvelu tarkoittaa, ett\u00e4 asiakas voi:<\/p>\n\n\n\n<ul class=\"wp-block-list\"><li>Automatisoida ty\u00f6vaiheitaan<\/li><li>Toimia nopeasti ja tehokkaasti<\/li><li>Tuottaa kustannustehokkaasti<\/li><\/ul>\n\n\n\n<p><strong>Muiden palvelujemme tavoin tarjoamme my\u00f6s tuotantolinjojen valmistuksessa avaimet k\u00e4teen -ratkaisuja tarpeiden kartoittamisesta j\u00e4lkihuoltoon.<\/strong><\/p>\n\n\n\n<h2 class=\"wp-block-heading\">Haluatko tiet\u00e4\u00e4 lis\u00e4\u00e4?<\/h2>\n\n\n\n<p>Tuotantoautomaatioon liittyviss\u00e4 asioissa voit ottaa meihin yhteytt\u00e4 joko puhelimitse +372 520 7849 tai l\u00e4hett\u00e4m\u00e4ll\u00e4 s\u00e4hk\u00f6postia osoitteeseen vemet@vemet.ee<\/p>\n","protected":false},"excerpt":{"rendered":"<p>Tuotantoautomaatio Olemme erikoistuneet tuotannon automatisointiin, jonka parissa yrityksemme on toiminut vuodesta 2014. Olemme erikoistuneet l\u00e4hinn\u00e4 [&hellip;]<\/p>\n","protected":false},"author":1,"featured_media":0,"parent":0,"menu_order":0,"comment_status":"closed","ping_status":"closed","template":"","meta":{"_seopress_robots_primary_cat":"","_seopress_titles_title":"Tuotantoautomaatio | Vemet OY","_seopress_titles_desc":"Tuotantoautomaatio. Olemme erikoistuneet tuotannon automatisointiin, jonka parissa yrityksemme on toiminut vuodesta 2014.","_seopress_robots_index":"","site-sidebar-layout":"default","site-content-layout":"","ast-site-content-layout":"default","site-content-style":"default","site-sidebar-style":"default","ast-global-header-display":"","ast-banner-title-visibility":"","ast-main-header-display":"","ast-hfb-above-header-display":"","ast-hfb-below-header-display":"","ast-hfb-mobile-header-display":"","site-post-title":"","ast-breadcrumbs-content":"","ast-featured-img":"","footer-sml-layout":"","theme-transparent-header-meta":"","adv-header-id-meta":"","stick-header-meta":"","header-above-stick-meta":"","header-main-stick-meta":"","header-below-stick-meta":"","astra-migrate-meta-layouts":"default","ast-page-background-enabled":"default","ast-page-background-meta":{"desktop":{"background-color":"","background-image":"","background-repeat":"repeat","background-position":"center center","background-size":"auto","background-attachment":"scroll","background-type":"","background-media":"","overlay-type":"","overlay-color":"","overlay-opacity":"","overlay-gradient":""},"tablet":{"background-color":"","background-image":"","background-repeat":"repeat","background-position":"center center","background-size":"auto","background-attachment":"scroll","background-type":"","background-media":"","overlay-type":"","overlay-color":"","overlay-opacity":"","overlay-gradient":""},"mobile":{"background-color":"","background-image":"","background-repeat":"repeat","background-position":"center center","background-size":"auto","background-attachment":"scroll","background-type":"","background-media":"","overlay-type":"","overlay-color":"","overlay-opacity":"","overlay-gradient":""}},"ast-content-background-meta":{"desktop":{"background-color":"var(--ast-global-color-5)","background-image":"","background-repeat":"repeat","background-position":"center center","background-size":"auto","background-attachment":"scroll","background-type":"","background-media":"","overlay-type":"","overlay-color":"","overlay-opacity":"","overlay-gradient":""},"tablet":{"background-color":"var(--ast-global-color-5)","background-image":"","background-repeat":"repeat","background-position":"center center","background-size":"auto","background-attachment":"scroll","background-type":"","background-media":"","overlay-type":"","overlay-color":"","overlay-opacity":"","overlay-gradient":""},"mobile":{"background-color":"var(--ast-global-color-5)","background-image":"","background-repeat":"repeat","background-position":"center center","background-size":"auto","background-attachment":"scroll","background-type":"","background-media":"","overlay-type":"","overlay-color":"","overlay-opacity":"","overlay-gradient":""}},"footnotes":""},"class_list":["post-1798","page","type-page","status-publish","hentry"],"_links":{"self":[{"href":"https:\/\/vemet.ee\/fi\/wp-json\/wp\/v2\/pages\/1798","targetHints":{"allow":["GET"]}}],"collection":[{"href":"https:\/\/vemet.ee\/fi\/wp-json\/wp\/v2\/pages"}],"about":[{"href":"https:\/\/vemet.ee\/fi\/wp-json\/wp\/v2\/types\/page"}],"author":[{"embeddable":true,"href":"https:\/\/vemet.ee\/fi\/wp-json\/wp\/v2\/users\/1"}],"replies":[{"embeddable":true,"href":"https:\/\/vemet.ee\/fi\/wp-json\/wp\/v2\/comments?post=1798"}],"version-history":[{"count":2,"href":"https:\/\/vemet.ee\/fi\/wp-json\/wp\/v2\/pages\/1798\/revisions"}],"predecessor-version":[{"id":1820,"href":"https:\/\/vemet.ee\/fi\/wp-json\/wp\/v2\/pages\/1798\/revisions\/1820"}],"wp:attachment":[{"href":"https:\/\/vemet.ee\/fi\/wp-json\/wp\/v2\/media?parent=1798"}],"curies":[{"name":"wp","href":"https:\/\/api.w.org\/{rel}","templated":true}]}}