{"id":1329,"date":"2019-04-02T09:27:42","date_gmt":"2019-04-02T07:27:42","guid":{"rendered":"https:\/\/vemet.ee\/metallien-taivuttaminen-ja-sarmays\/"},"modified":"2019-04-02T09:29:14","modified_gmt":"2019-04-02T07:29:14","slug":"metallien-taivuttaminen-ja-sarmays","status":"publish","type":"page","link":"https:\/\/vemet.ee\/fi\/metallien-taivuttaminen-ja-sarmays\/","title":{"rendered":"Metallien taivuttaminen ja s\u00e4rm\u00e4ys"},"content":{"rendered":"<p><img fetchpriority=\"high\" decoding=\"async\" class=\"alignnone size-full wp-image-1001\" src=\"https:\/\/vemet.ee\/wp-content\/uploads\/2019\/03\/metalli-painutamine.jpeg\" alt=\"Metalli painutamine\" width=\"900\" height=\"450\" srcset=\"https:\/\/vemet.ee\/wp-content\/uploads\/2019\/03\/metalli-painutamine.jpeg 900w, https:\/\/vemet.ee\/wp-content\/uploads\/2019\/03\/metalli-painutamine-300x150.jpeg 300w, https:\/\/vemet.ee\/wp-content\/uploads\/2019\/03\/metalli-painutamine-768x384.jpeg 768w\" sizes=\"(max-width: 900px) 100vw, 900px\" \/><\/p>\n<h2>Metallien taivuttaminen ja s\u00e4rm\u00e4ys<\/h2>\n<p>Tarjoamme metallien s\u00e4rm\u00e4ys- ja taivutuspalvelua yhteisty\u00f6ss\u00e4 hyvien kumppaneidemme kanssa.<\/p>\n<p>Taivuttamalla ohutlevytuotteesta voidaan ty\u00f6st\u00e4\u00e4 halutun muotoinen ilman hitsausta.<\/p>\n<p>Taivutamme seuraavia materiaaleja:<\/p>\n<ul>\n<li>ter\u00e4s<\/li>\n<li>ruostumaton ter\u00e4s<\/li>\n<li>alumiini<\/li>\n<\/ul>\n<p>Kumppanimme k\u00e4ytt\u00e4v\u00e4t metallien s\u00e4rm\u00e4ykseen ja taivutukseen eritt\u00e4in tarkkoja laitteita, joilla voidaan ty\u00f6st\u00e4\u00e4 enint\u00e4\u00e4n 10 mm paksuista ja 3100 mm levyist\u00e4 metallilevy\u00e4. Niill\u00e4 voidaan toteuttaa sek\u00e4 takaisinjousto kuin erilaiset taivutuss\u00e4teet.<\/p>\n<p>Jos materiaalisi ei sovi annettuihin mittoihin, ota meihin yhteytt\u00e4, sill\u00e4 todenn\u00e4k\u00f6isesti l\u00f6yd\u00e4mme sinulle sopivan ratkaisun.<\/p>\n<p>K\u00e4ytt\u00e4m\u00e4mme s\u00e4rm\u00e4ysmenetelm\u00e4t:<\/p>\n<ul>\n<li><strong>V-taivutus<\/strong> &#8211; joko vapaataivutus tai pohjaaniskutaivutus<\/li>\n<li><strong>U-taivutus<\/strong><\/li>\n<li><strong>Askel taivutus<\/strong> &#8211; toistuva V-taivutus maksimis\u00e4teen aikaansaamiseksi (esim. lumiaurat)<\/li>\n<li><strong>Rullataivutus<\/strong> &#8211; k\u00e4ytet\u00e4\u00e4n p\u00e4\u00e4asiassa putkien ja kartioiden valmistukseen<\/li>\n<li><strong>Reunan s\u00e4rm\u00e4ys<\/strong> &#8211; menetelm\u00e4ll\u00e4 metallilevyyn tehd\u00e4\u00e4n kantti<\/li>\n<li><strong>Taivutus elastista vastinta k\u00e4ytt\u00e4en<\/strong>&#8211; voidaan taivuttaa yli 90 asteen kulmia.<\/li>\n<li><strong>Kolmipistetaivutus<\/strong> &#8211; uudehko tekniikka, joka antaa paremman tarkkuuden (+\/- 0,25 astetta). Yleens\u00e4 kolmipistetaivutusta k\u00e4ytet\u00e4\u00e4n erikoistuotteiden valmistukseen<\/li>\n<\/ul>\n<h2>Laadukkaat ja tarkat tuotteet<\/h2>\n<p>Metallien s\u00e4rm\u00e4yksess\u00e4 k\u00e4yt\u00e4mme ammattilaisia, joilla on oman erikoisalansa koulutus. Yli 20 vuoden ty\u00f6kokemuksen ansiosta saavutamme laadultaan erinomaisia ja tarkkoja tuloksia vaativissakin ty\u00f6st\u00f6vaiheissa.<\/p>\n<h2>Ty\u00f6ntekij\u00f6idemme ammattitaito<\/h2>\n<p>Konepajassamme (ja yhteisty\u00f6kumppaniemme yrityksiss\u00e4) ty\u00f6skentelee eritt\u00e4in p\u00e4tevi\u00e4 eri alojen ammattilaisia, joiden osaamista testataan laajasta ty\u00f6kokemuksesta \u200b\u200bhuolimatta s\u00e4\u00e4nn\u00f6llisesti (EN1090). N\u00e4in varmistetaan, ett\u00e4 suunnittelijoiden, insin\u00f6\u00f6rien ja ty\u00f6ntekij\u00f6iden ammattitaito pysyy korkeana.<\/p>\n<h2>Toimitusaikojen noudattaminen on meille ensiarvoista<\/h2>\n<p>M\u00e4\u00e4r\u00e4ajat ovat meille eritt\u00e4in t\u00e4rkeit\u00e4, mink\u00e4 vuoksi pid\u00e4mme aina kiinni sovituista toimitusajoista.<\/p>\n<h2>S\u00e4rm\u00e4yspalvelujen tilaus<\/h2>\n<p>Tilauksen tekemiseksi ota yhteytt\u00e4 joko puhelimitse +372 520 7849 tai l\u00e4het\u00e4 s\u00e4hk\u00f6postia osoitteeseen vemet@vemet.ee.<\/p>\n","protected":false},"excerpt":{"rendered":"<p>Metallien taivuttaminen ja s\u00e4rm\u00e4ys Tarjoamme metallien s\u00e4rm\u00e4ys- ja taivutuspalvelua yhteisty\u00f6ss\u00e4 hyvien kumppaneidemme kanssa. Taivuttamalla ohutlevytuotteesta [&hellip;]<\/p>\n","protected":false},"author":1,"featured_media":0,"parent":0,"menu_order":0,"comment_status":"closed","ping_status":"closed","template":"","meta":{"_seopress_robots_primary_cat":"","_seopress_titles_title":"Metallien taivuttaminen ja s\u00e4rm\u00e4ys","_seopress_titles_desc":"Metallien taivuttaminen ja s\u00e4rm\u00e4ys. Tarjoamme metallien s\u00e4rm\u00e4ys- ja taivutuspalvelua yhteisty\u00f6ss\u00e4 hyvien kumppaneidemme kanssa. Ota yhteytt\u00e4.","_seopress_robots_index":"","site-sidebar-layout":"default","site-content-layout":"default","ast-site-content-layout":"default","site-content-style":"default","site-sidebar-style":"default","ast-global-header-display":"","ast-banner-title-visibility":"","ast-main-header-display":"","ast-hfb-above-header-display":"","ast-hfb-below-header-display":"","ast-hfb-mobile-header-display":"","site-post-title":"","ast-breadcrumbs-content":"","ast-featured-img":"","footer-sml-layout":"","theme-transparent-header-meta":"default","adv-header-id-meta":"","stick-header-meta":"default","header-above-stick-meta":"","header-main-stick-meta":"","header-below-stick-meta":"","astra-migrate-meta-layouts":"default","ast-page-background-enabled":"default","ast-page-background-meta":{"desktop":{"background-color":"","background-image":"","background-repeat":"repeat","background-position":"center center","background-size":"auto","background-attachment":"scroll","background-type":"","background-media":"","overlay-type":"","overlay-color":"","overlay-opacity":"","overlay-gradient":""},"tablet":{"background-color":"","background-image":"","background-repeat":"repeat","background-position":"center center","background-size":"auto","background-attachment":"scroll","background-type":"","background-media":"","overlay-type":"","overlay-color":"","overlay-opacity":"","overlay-gradient":""},"mobile":{"background-color":"","background-image":"","background-repeat":"repeat","background-position":"center center","background-size":"auto","background-attachment":"scroll","background-type":"","background-media":"","overlay-type":"","overlay-color":"","overlay-opacity":"","overlay-gradient":""}},"ast-content-background-meta":{"desktop":{"background-color":"var(--ast-global-color-5)","background-image":"","background-repeat":"repeat","background-position":"center center","background-size":"auto","background-attachment":"scroll","background-type":"","background-media":"","overlay-type":"","overlay-color":"","overlay-opacity":"","overlay-gradient":""},"tablet":{"background-color":"var(--ast-global-color-5)","background-image":"","background-repeat":"repeat","background-position":"center center","background-size":"auto","background-attachment":"scroll","background-type":"","background-media":"","overlay-type":"","overlay-color":"","overlay-opacity":"","overlay-gradient":""},"mobile":{"background-color":"var(--ast-global-color-5)","background-image":"","background-repeat":"repeat","background-position":"center center","background-size":"auto","background-attachment":"scroll","background-type":"","background-media":"","overlay-type":"","overlay-color":"","overlay-opacity":"","overlay-gradient":""}},"footnotes":""},"class_list":["post-1329","page","type-page","status-publish","hentry"],"_links":{"self":[{"href":"https:\/\/vemet.ee\/fi\/wp-json\/wp\/v2\/pages\/1329","targetHints":{"allow":["GET"]}}],"collection":[{"href":"https:\/\/vemet.ee\/fi\/wp-json\/wp\/v2\/pages"}],"about":[{"href":"https:\/\/vemet.ee\/fi\/wp-json\/wp\/v2\/types\/page"}],"author":[{"embeddable":true,"href":"https:\/\/vemet.ee\/fi\/wp-json\/wp\/v2\/users\/1"}],"replies":[{"embeddable":true,"href":"https:\/\/vemet.ee\/fi\/wp-json\/wp\/v2\/comments?post=1329"}],"version-history":[{"count":1,"href":"https:\/\/vemet.ee\/fi\/wp-json\/wp\/v2\/pages\/1329\/revisions"}],"predecessor-version":[{"id":1330,"href":"https:\/\/vemet.ee\/fi\/wp-json\/wp\/v2\/pages\/1329\/revisions\/1330"}],"wp:attachment":[{"href":"https:\/\/vemet.ee\/fi\/wp-json\/wp\/v2\/media?parent=1329"}],"curies":[{"name":"wp","href":"https:\/\/api.w.org\/{rel}","templated":true}]}}