{"id":1327,"date":"2019-04-02T09:24:18","date_gmt":"2019-04-02T07:24:18","guid":{"rendered":"https:\/\/vemet.ee\/metallin-sorvaus-cnc-jyrsinta-akselien-ja-rumpujen-tasapainotus\/"},"modified":"2019-04-02T09:25:27","modified_gmt":"2019-04-02T07:25:27","slug":"metallin-sorvaus-cnc-jyrsinta","status":"publish","type":"page","link":"https:\/\/vemet.ee\/fi\/metallin-sorvaus-cnc-jyrsinta\/","title":{"rendered":"Metallin sorvaus, CNC-jyrsint\u00e4, akselien ja rumpujen tasapainotus"},"content":{"rendered":"<p><img fetchpriority=\"high\" decoding=\"async\" class=\"alignnone size-full wp-image-989\" src=\"https:\/\/vemet.ee\/wp-content\/uploads\/2019\/03\/metalli-treimine.jpg\" alt=\"Metalli treimine. CNC-freesimine. V\u00f5llide ja trumlite tasakaalustamine\" width=\"900\" height=\"425\" srcset=\"https:\/\/vemet.ee\/wp-content\/uploads\/2019\/03\/metalli-treimine.jpg 900w, https:\/\/vemet.ee\/wp-content\/uploads\/2019\/03\/metalli-treimine-300x142.jpg 300w, https:\/\/vemet.ee\/wp-content\/uploads\/2019\/03\/metalli-treimine-768x363.jpg 768w\" sizes=\"(max-width: 900px) 100vw, 900px\" \/><\/p>\n<h2>Metallin sorvaus, CNC-jyrsint\u00e4, akselien ja rumpujen tasapainotus<\/h2>\n<p>Tarjoamme yhteisty\u00f6ss\u00e4 kumppaneidemme kanssa seuraavia palveluita:<\/p>\n<ul>\n<li>metallin sorvaus<\/li>\n<li>CNC-jyrsint\u00e4<\/li>\n<li>akselien ja rumpujen tasapainotus<\/li>\n<\/ul>\n<p>Yleisimm\u00e4t aihiomateriaalit, joita k\u00e4yt\u00e4mme:<\/p>\n<ul>\n<li>ruostumaton ter\u00e4s<\/li>\n<li>alumiini<\/li>\n<li>ter\u00e4sseokset<\/li>\n<\/ul>\n<p>Monimutkaiset ja erityist\u00e4 tarkkuutta vaativat tuotteet valmistetaan uusinta tekniikkaa soveltavilla CNC-sorveilla ja -jyrsimill\u00e4.<\/p>\n<h2>CNC-sorvaus<\/h2>\n<p>CNC-sorvaus mahdollistaa m\u00e4\u00e4r\u00e4lt\u00e4\u00e4n suurten sek\u00e4 erityist\u00e4 tarkkuutta vaativien ty\u00f6st\u00f6t\u00f6iden toteuttamisen lyhyess\u00e4 ajassa. Materiaalista riippumatta sill\u00e4 voidaan tehd\u00e4 kaikenlaista osia hyvin nopeasti.<\/p>\n<p>Koska CNC-sorvit ja -jyrsimet ovat eritt\u00e4in tehokkaita, edullisten ty\u00f6st\u00f6kustannusten ohella viallisten tuotteiden riski on l\u00e4hes nolla.<\/p>\n<p><img decoding=\"async\" class=\"alignnone size-full wp-image-992\" src=\"https:\/\/vemet.ee\/wp-content\/uploads\/2019\/03\/cnc-freesimine.jpg\" alt=\"Metalli treimine. CNC-freesimine. V\u00f5llide ja trumlite tasakaalustamine\" width=\"900\" height=\"478\" srcset=\"https:\/\/vemet.ee\/wp-content\/uploads\/2019\/03\/cnc-freesimine.jpg 900w, https:\/\/vemet.ee\/wp-content\/uploads\/2019\/03\/cnc-freesimine-300x159.jpg 300w, https:\/\/vemet.ee\/wp-content\/uploads\/2019\/03\/cnc-freesimine-768x408.jpg 768w\" sizes=\"(max-width: 900px) 100vw, 900px\" \/><\/p>\n<h2>CNC-jyrsint\u00e4<\/h2>\n<p>CNC-jyrsinkoneet mahdollistavat metallin huolellisemman ja tehokkaamman ty\u00f6st\u00e4misen. Uusien teknologioiden ansiosta voimme tarjota seuraavia CNC-jyrsint\u00e4palveluja:<\/p>\n<ul>\n<li>Pystysuora ty\u00f6st\u00f6 \/ pystyjyrsint\u00e4<\/li>\n<li>Vaakasuora ty\u00f6st\u00f6 \/ tasojyrsint\u00e4<\/li>\n<li>Kulmajyrsint\u00e4<\/li>\n<li>Jyrsint\u00e4 my\u00f6t\u00e4- ja vastap\u00e4iv\u00e4\u00e4n<\/li>\n<li>Perifeerinen jyrsint\u00e4<\/li>\n<li>Sorvausjyrsint\u00e4<\/li>\n<li>Metallin viimeistely<\/li>\n<\/ul>\n<h2>Laadukkaat ja tarkat tuotteet<\/h2>\n<p>Tuotteiden valmistuksessa ja asennuksessa k\u00e4yt\u00e4mme ammattilaisia, joilla on oman erikoisalansa koulutus. Yli 20 vuoden ty\u00f6kokemuksen ansiosta saavutamme laadultaan erinomaisia ja tarkkoja tuloksia vaativissakin ty\u00f6st\u00f6vaiheissa.<\/p>\n<h2>Ty\u00f6ntekij\u00f6idemme ammattitaito<\/h2>\n<p>Konepajassamme (ja yhteisty\u00f6kumppaniemme yrityksiss\u00e4) ty\u00f6skentelee eritt\u00e4in p\u00e4tevi\u00e4 eri alojen ammattilaisia, joiden osaamista testataan laajasta ty\u00f6kokemuksesta \u200b\u200bhuolimatta s\u00e4\u00e4nn\u00f6llisesti \u00a0(EN1090). N\u00e4in varmistetaan, ett\u00e4 suunnittelijoiden, insin\u00f6\u00f6rien ja ty\u00f6ntekij\u00f6iden ammattitaito pysyy korkeana.<\/p>\n<h2>Toimitusaikojen noudattaminen on meille ensiarvoista<\/h2>\n<p>M\u00e4\u00e4r\u00e4ajat ovat meille eritt\u00e4in t\u00e4rkeit\u00e4, mink\u00e4 vuoksi pid\u00e4mme aina kiinni sovituista toimitusajoista.<\/p>\n<h2>Palvelujen tilaus<\/h2>\n<p>Tilauksen tekemiseksi ota yhteytt\u00e4 joko puhelimitse +372 5207849 tai l\u00e4het\u00e4 s\u00e4hk\u00f6postia osoitteeseen vemet@vemet.ee.<\/p>\n","protected":false},"excerpt":{"rendered":"<p>Metallin sorvaus, CNC-jyrsint\u00e4, akselien ja rumpujen tasapainotus Tarjoamme yhteisty\u00f6ss\u00e4 kumppaneidemme kanssa seuraavia palveluita: metallin sorvaus [&hellip;]<\/p>\n","protected":false},"author":1,"featured_media":0,"parent":0,"menu_order":0,"comment_status":"closed","ping_status":"closed","template":"","meta":{"_seopress_robots_primary_cat":"","_seopress_titles_title":"Metallin sorvaus, CNC-jyrsint\u00e4 - Vemet OY","_seopress_titles_desc":"Metallin sorvaus, CNC-jyrsint\u00e4, akselien ja rumpujen tasapainotus. Yleisimm\u00e4t aihiomateriaalit, joita k\u00e4yt\u00e4mme: ruostumaton ter\u00e4s, alumiini, ter\u00e4sseokset","_seopress_robots_index":"","site-sidebar-layout":"default","site-content-layout":"default","ast-site-content-layout":"default","site-content-style":"default","site-sidebar-style":"default","ast-global-header-display":"","ast-banner-title-visibility":"","ast-main-header-display":"","ast-hfb-above-header-display":"","ast-hfb-below-header-display":"","ast-hfb-mobile-header-display":"","site-post-title":"","ast-breadcrumbs-content":"","ast-featured-img":"","footer-sml-layout":"","theme-transparent-header-meta":"default","adv-header-id-meta":"","stick-header-meta":"default","header-above-stick-meta":"","header-main-stick-meta":"","header-below-stick-meta":"","astra-migrate-meta-layouts":"default","ast-page-background-enabled":"default","ast-page-background-meta":{"desktop":{"background-color":"","background-image":"","background-repeat":"repeat","background-position":"center center","background-size":"auto","background-attachment":"scroll","background-type":"","background-media":"","overlay-type":"","overlay-color":"","overlay-opacity":"","overlay-gradient":""},"tablet":{"background-color":"","background-image":"","background-repeat":"repeat","background-position":"center center","background-size":"auto","background-attachment":"scroll","background-type":"","background-media":"","overlay-type":"","overlay-color":"","overlay-opacity":"","overlay-gradient":""},"mobile":{"background-color":"","background-image":"","background-repeat":"repeat","background-position":"center center","background-size":"auto","background-attachment":"scroll","background-type":"","background-media":"","overlay-type":"","overlay-color":"","overlay-opacity":"","overlay-gradient":""}},"ast-content-background-meta":{"desktop":{"background-color":"var(--ast-global-color-5)","background-image":"","background-repeat":"repeat","background-position":"center center","background-size":"auto","background-attachment":"scroll","background-type":"","background-media":"","overlay-type":"","overlay-color":"","overlay-opacity":"","overlay-gradient":""},"tablet":{"background-color":"var(--ast-global-color-5)","background-image":"","background-repeat":"repeat","background-position":"center center","background-size":"auto","background-attachment":"scroll","background-type":"","background-media":"","overlay-type":"","overlay-color":"","overlay-opacity":"","overlay-gradient":""},"mobile":{"background-color":"var(--ast-global-color-5)","background-image":"","background-repeat":"repeat","background-position":"center center","background-size":"auto","background-attachment":"scroll","background-type":"","background-media":"","overlay-type":"","overlay-color":"","overlay-opacity":"","overlay-gradient":""}},"footnotes":""},"class_list":["post-1327","page","type-page","status-publish","hentry"],"_links":{"self":[{"href":"https:\/\/vemet.ee\/fi\/wp-json\/wp\/v2\/pages\/1327","targetHints":{"allow":["GET"]}}],"collection":[{"href":"https:\/\/vemet.ee\/fi\/wp-json\/wp\/v2\/pages"}],"about":[{"href":"https:\/\/vemet.ee\/fi\/wp-json\/wp\/v2\/types\/page"}],"author":[{"embeddable":true,"href":"https:\/\/vemet.ee\/fi\/wp-json\/wp\/v2\/users\/1"}],"replies":[{"embeddable":true,"href":"https:\/\/vemet.ee\/fi\/wp-json\/wp\/v2\/comments?post=1327"}],"version-history":[{"count":1,"href":"https:\/\/vemet.ee\/fi\/wp-json\/wp\/v2\/pages\/1327\/revisions"}],"predecessor-version":[{"id":1328,"href":"https:\/\/vemet.ee\/fi\/wp-json\/wp\/v2\/pages\/1327\/revisions\/1328"}],"wp:attachment":[{"href":"https:\/\/vemet.ee\/fi\/wp-json\/wp\/v2\/media?parent=1327"}],"curies":[{"name":"wp","href":"https:\/\/api.w.org\/{rel}","templated":true}]}}