{"id":1325,"date":"2019-04-02T09:20:12","date_gmt":"2019-04-02T07:20:12","guid":{"rendered":"https:\/\/vemet.ee\/metallin-maalaus-ja-pinnoitus-jauhemaalaus-markamaalaus-sinkitys-kromaus\/"},"modified":"2019-04-02T09:21:52","modified_gmt":"2019-04-02T07:21:52","slug":"metallin-maalaus-ja-pinnoitus","status":"publish","type":"page","link":"https:\/\/vemet.ee\/fi\/metallin-maalaus-ja-pinnoitus\/","title":{"rendered":"Metallin maalaus ja pinnoitus: jauhemaalaus, m\u00e4rk\u00e4maalaus, sinkitys, kromaus"},"content":{"rendered":"<p><img fetchpriority=\"high\" decoding=\"async\" class=\"alignnone size-full wp-image-967\" src=\"https:\/\/vemet.ee\/wp-content\/uploads\/2019\/03\/metalli-varvimine.jpg\" alt=\"Metalli v\u00e4rvimine ja pinnat\u00f6\u00f6tlus \u2013 pulberv\u00e4rvimine, m\u00e4rgv\u00e4rvimine, tsinkimine, kroomimine\" width=\"900\" height=\"486\" srcset=\"https:\/\/vemet.ee\/wp-content\/uploads\/2019\/03\/metalli-varvimine.jpg 900w, https:\/\/vemet.ee\/wp-content\/uploads\/2019\/03\/metalli-varvimine-300x162.jpg 300w, https:\/\/vemet.ee\/wp-content\/uploads\/2019\/03\/metalli-varvimine-768x415.jpg 768w\" sizes=\"(max-width: 900px) 100vw, 900px\" \/><\/p>\n<h2>Metallin maalaus ja pinnoitus: jauhemaalaus, m\u00e4rk\u00e4maalaus, sinkitys, kromaus<\/h2>\n<p>Tarjoamme yhteisty\u00f6ss\u00e4 kumppaneidemme kanssa seuraavia palveluja:<\/p>\n<ul>\n<li>metallimaalaus<\/li>\n<li>jauhe- eli pulverimaalaus<\/li>\n<li>m\u00e4rk\u00e4maalaus<\/li>\n<li>kuumakestomaalaus<\/li>\n<li>sinkkipinnoitus<\/li>\n<li>kromipinnoitus<\/li>\n<li>hiekkapuhallus<\/li>\n<\/ul>\n<h2>Metallin maalaus ja pinnoitus<\/h2>\n<p>Tarjoamme metallien maalaukseen ja pintak\u00e4sittelyyn t\u00e4yden palvelun pakettia neuvonnasta tuotteiden toimitukseen. Parhaan tuloksen saavutamme yhdess\u00e4 seuraavan ty\u00f6prosessin avulla:<\/p>\n<ul>\n<li>ensimm\u00e4inen konsultointi<\/li>\n<li>neuvonta sopivimman v\u00e4riratkaisun l\u00f6yt\u00e4miseksi<\/li>\n<li>lian ja \u00f6ljyn poistaminen osista<\/li>\n<li>osien sinko- tai hiekkapuhallus<\/li>\n<li>osien sinkkipinnoite<\/li>\n<li>osien maalaus<\/li>\n<\/ul>\n<h2>Metallien jauhemaalaus<\/h2>\n<p>Jauhe- eli pulverimaalauksessa maalit ovat pulverimaisia eik\u00e4 niiss\u00e4 k\u00e4ytet\u00e4 liuottimia.<\/p>\n<p>Jauhemaali suojaa k\u00e4sitelt\u00e4v\u00e4\u00e4 metalliosaa hyvin korroosiota ja muita s\u00e4\u00e4n vaikutuksia vastaan. Lis\u00e4ksi jauhemaalaus antaa pinnoitettavalle metallille edustavan ulkon\u00e4\u00f6n. Lis\u00e4ksi jauhemaalipinnoitteilla on pitk\u00e4 k\u00e4ytt\u00f6ik\u00e4 ja ne siet\u00e4v\u00e4t hyvin kolhuja.<\/p>\n<p>Jauhemaalia k\u00e4ytet\u00e4\u00e4n p\u00e4\u00e4asiassa metalliesineiden maalaamiseen, mutta sill\u00e4 voidaan maalata my\u00f6s muita materiaaleja (keramiikkaa, puuta, muovia jne.). Siksi jauhemaalausta k\u00e4ytet\u00e4\u00e4n laajalti eri tuotteissa metallipylv\u00e4ist\u00e4 ulkokalusteisiin.<\/p>\n<p><img decoding=\"async\" class=\"alignnone size-full wp-image-970\" src=\"https:\/\/vemet.ee\/wp-content\/uploads\/2019\/03\/margvarvimine.jpg\" alt=\"Metalli v\u00e4rvimine ja pinnat\u00f6\u00f6tlus \u2013 pulberv\u00e4rvimine, m\u00e4rgv\u00e4rvimine, tsinkimine, kroomimine\" width=\"900\" height=\"444\" srcset=\"https:\/\/vemet.ee\/wp-content\/uploads\/2019\/03\/margvarvimine.jpg 900w, https:\/\/vemet.ee\/wp-content\/uploads\/2019\/03\/margvarvimine-300x148.jpg 300w, https:\/\/vemet.ee\/wp-content\/uploads\/2019\/03\/margvarvimine-768x379.jpg 768w\" sizes=\"(max-width: 900px) 100vw, 900px\" \/><\/p>\n<h2>Metallirakenteiden m\u00e4rk\u00e4maalaus<\/h2>\n<p>Muiden metallimaalaust\u00f6iden lis\u00e4ksi suoritamme my\u00f6s rakenteiden m\u00e4rk\u00e4maalausta. Pystymme toteuttamaan m\u00e4rk\u00e4maalaust\u00f6it\u00e4 sek\u00e4 suurissa ett\u00e4 pieniss\u00e4 kohteissa.<\/p>\n<p>Jotta tulos olisi mahdollisimman hyv\u00e4, k\u00e4ymme asiakkaan kanssa l\u00e4pi h\u00e4nen kaikki toiveensa \u200b\u200bja toteutamme projektin tarpeita vastaavasti.<\/p>\n<h2>Ter\u00e4stuotteiden sinkitys<\/h2>\n<p>Metallin sinkityksen p\u00e4\u00e4tarkoitus on suojata tuotetta korroosiolta. Sinkkipinnoitus antaa metallille my\u00f6s edustavamman ja koristeellisemman ulkon\u00e4\u00f6n.<\/p>\n<p>Ter\u00e4stuotteiden kuumasinkitys lis\u00e4\u00e4 tuotteiden k\u00e4ytt\u00f6ik\u00e4\u00e4 merkitt\u00e4v\u00e4sti. Asianmukaisesti sinkittyjen pintojen k\u00e4ytt\u00f6ik\u00e4 on noin 50 vuotta useimmissa ymp\u00e4rist\u00f6iss\u00e4. Meren l\u00e4heisyydess\u00e4 ja kaupungissa sinkkipinnoitteen kesto on noin 25 vuotta.<\/p>\n<p>Parhaan mahdollisen sinkitystuloksen saavuttamiseksi teemme tiivist\u00e4 yhteisty\u00f6ss\u00e4 asiakkaan kanssa jo hankkeen alkuvaiheessa. K\u00e4ymme l\u00e4pi n\u00e4m\u00e4 etapit:<\/p>\n<ul>\n<li>tunnistamme asiakkaan toiveet<\/li>\n<li>tarkistamme suunnittelijan vaatimukset<\/li>\n<li>tarkistamme ter\u00e4svaihtoehdot<\/li>\n<\/ul>\n<p>Kaikki ter\u00e4kset eiv\u00e4t sovellu sinkitt\u00e4viksi, joten asia on otettava huomioon jo suunnitteluvaiheessa.<\/p>\n<p><img decoding=\"async\" class=\"alignnone size-full wp-image-979\" src=\"https:\/\/vemet.ee\/wp-content\/uploads\/2019\/03\/kroomimine.jpg\" alt=\"Metalli kroomimine\" width=\"895\" height=\"521\" srcset=\"https:\/\/vemet.ee\/wp-content\/uploads\/2019\/03\/kroomimine.jpg 895w, https:\/\/vemet.ee\/wp-content\/uploads\/2019\/03\/kroomimine-300x175.jpg 300w, https:\/\/vemet.ee\/wp-content\/uploads\/2019\/03\/kroomimine-768x447.jpg 768w\" sizes=\"(max-width: 895px) 100vw, 895px\" \/><\/p>\n<h2>Metallin kromipinnoitus<\/h2>\n<p>Metallin kromausta k\u00e4ytet\u00e4\u00e4n ensisijaisesti metallituotteen koristeluun sek\u00e4 suojaamiseen.<\/p>\n<p><strong>Metallien kromausprosessi:<\/strong><\/p>\n<ul>\n<li>pinnoitemetalli kuumennetaan kiehumispisteeseen<\/li>\n<li>kuumennuksen aikana haihtunut aines tiivistyy tyhji\u00f6kammiossa haluttuun alustaan.<\/li>\n<\/ul>\n<p>Koska kromipinnoitus vaatii paljon esik\u00e4sittely\u00e4, se on hieman kalliimpaa kuin monet muut menetelm\u00e4t.<\/p>\n<h2>Toimitusaikojen noudattaminen on meille ensiarvoista<\/h2>\n<p>M\u00e4\u00e4r\u00e4ajat ovat meille eritt\u00e4in t\u00e4rkeit\u00e4, mink\u00e4 vuoksi pid\u00e4mme aina kiinni sovituista toimitusajoista.<\/p>\n<h2>Metallimaalauksen tilaaminen<\/h2>\n<p>Tilauksen tekemiseksi ota yhteytt\u00e4 joko puhelimitse +372 520 7849 tai l\u00e4het\u00e4 s\u00e4hk\u00f6postia osoitteeseen vemet@vemet.ee.<\/p>\n<h2>Metalli v\u00e4rvimise tellimine<\/h2>\n<p>Metalli v\u00e4rvimisega seotud t\u00f6\u00f6de tellimiseks v\u00f5ta meiega \u00fchendust kas telefonil +372 520 7849 v\u00f5i saada e-kiri aadressil vemet@vemet.ee<\/p>\n","protected":false},"excerpt":{"rendered":"<p>Metallin maalaus ja pinnoitus: jauhemaalaus, m\u00e4rk\u00e4maalaus, sinkitys, kromaus Tarjoamme yhteisty\u00f6ss\u00e4 kumppaneidemme kanssa seuraavia palveluja: metallimaalaus [&hellip;]<\/p>\n","protected":false},"author":1,"featured_media":0,"parent":0,"menu_order":0,"comment_status":"closed","ping_status":"closed","template":"","meta":{"_seopress_robots_primary_cat":"","_seopress_titles_title":"Metallin maalaus ja pinnoitus: jauhemaalaus, m\u00e4rk\u00e4maalaus","_seopress_titles_desc":"Metallin maalaus ja pinnoitus: jauhemaalaus, m\u00e4rk\u00e4maalaus, sinkitys, kromaus. Kuumakestomaalaus, sinkkipinnoitus, kromipinnoitus, hiekkapuhallus.\r\n","_seopress_robots_index":"","site-sidebar-layout":"default","site-content-layout":"default","ast-site-content-layout":"default","site-content-style":"default","site-sidebar-style":"default","ast-global-header-display":"","ast-banner-title-visibility":"","ast-main-header-display":"","ast-hfb-above-header-display":"","ast-hfb-below-header-display":"","ast-hfb-mobile-header-display":"","site-post-title":"","ast-breadcrumbs-content":"","ast-featured-img":"","footer-sml-layout":"","theme-transparent-header-meta":"default","adv-header-id-meta":"","stick-header-meta":"default","header-above-stick-meta":"","header-main-stick-meta":"","header-below-stick-meta":"","astra-migrate-meta-layouts":"default","ast-page-background-enabled":"default","ast-page-background-meta":{"desktop":{"background-color":"","background-image":"","background-repeat":"repeat","background-position":"center center","background-size":"auto","background-attachment":"scroll","background-type":"","background-media":"","overlay-type":"","overlay-color":"","overlay-opacity":"","overlay-gradient":""},"tablet":{"background-color":"","background-image":"","background-repeat":"repeat","background-position":"center center","background-size":"auto","background-attachment":"scroll","background-type":"","background-media":"","overlay-type":"","overlay-color":"","overlay-opacity":"","overlay-gradient":""},"mobile":{"background-color":"","background-image":"","background-repeat":"repeat","background-position":"center center","background-size":"auto","background-attachment":"scroll","background-type":"","background-media":"","overlay-type":"","overlay-color":"","overlay-opacity":"","overlay-gradient":""}},"ast-content-background-meta":{"desktop":{"background-color":"var(--ast-global-color-5)","background-image":"","background-repeat":"repeat","background-position":"center center","background-size":"auto","background-attachment":"scroll","background-type":"","background-media":"","overlay-type":"","overlay-color":"","overlay-opacity":"","overlay-gradient":""},"tablet":{"background-color":"var(--ast-global-color-5)","background-image":"","background-repeat":"repeat","background-position":"center center","background-size":"auto","background-attachment":"scroll","background-type":"","background-media":"","overlay-type":"","overlay-color":"","overlay-opacity":"","overlay-gradient":""},"mobile":{"background-color":"var(--ast-global-color-5)","background-image":"","background-repeat":"repeat","background-position":"center center","background-size":"auto","background-attachment":"scroll","background-type":"","background-media":"","overlay-type":"","overlay-color":"","overlay-opacity":"","overlay-gradient":""}},"footnotes":""},"class_list":["post-1325","page","type-page","status-publish","hentry"],"_links":{"self":[{"href":"https:\/\/vemet.ee\/fi\/wp-json\/wp\/v2\/pages\/1325","targetHints":{"allow":["GET"]}}],"collection":[{"href":"https:\/\/vemet.ee\/fi\/wp-json\/wp\/v2\/pages"}],"about":[{"href":"https:\/\/vemet.ee\/fi\/wp-json\/wp\/v2\/types\/page"}],"author":[{"embeddable":true,"href":"https:\/\/vemet.ee\/fi\/wp-json\/wp\/v2\/users\/1"}],"replies":[{"embeddable":true,"href":"https:\/\/vemet.ee\/fi\/wp-json\/wp\/v2\/comments?post=1325"}],"version-history":[{"count":1,"href":"https:\/\/vemet.ee\/fi\/wp-json\/wp\/v2\/pages\/1325\/revisions"}],"predecessor-version":[{"id":1326,"href":"https:\/\/vemet.ee\/fi\/wp-json\/wp\/v2\/pages\/1325\/revisions\/1326"}],"wp:attachment":[{"href":"https:\/\/vemet.ee\/fi\/wp-json\/wp\/v2\/media?parent=1325"}],"curies":[{"name":"wp","href":"https:\/\/api.w.org\/{rel}","templated":true}]}}