{"id":1323,"date":"2019-04-02T09:16:39","date_gmt":"2019-04-02T07:16:39","guid":{"rendered":"https:\/\/vemet.ee\/laserleikkaus-putkien-laserleikkaus-vesileikkaus-plasmaleikkaus\/"},"modified":"2019-04-02T09:46:39","modified_gmt":"2019-04-02T07:46:39","slug":"laserleikkaus","status":"publish","type":"page","link":"https:\/\/vemet.ee\/fi\/laserleikkaus\/","title":{"rendered":"Laserleikkaus, putkien laserleikkaus, vesileikkaus, plasmaleikkaus"},"content":{"rendered":"<p><img fetchpriority=\"high\" decoding=\"async\" class=\"alignnone size-full wp-image-954\" src=\"https:\/\/vemet.ee\/wp-content\/uploads\/2019\/03\/plasmaloikus-1.jpg\" alt=\"Laserl\u00f5ikus, torulaserl\u00f5ikus, vesil\u00f5ikus, plasmal\u00f5ikus\" width=\"900\" height=\"448\" srcset=\"https:\/\/vemet.ee\/wp-content\/uploads\/2019\/03\/plasmaloikus-1.jpg 900w, https:\/\/vemet.ee\/wp-content\/uploads\/2019\/03\/plasmaloikus-1-300x149.jpg 300w, https:\/\/vemet.ee\/wp-content\/uploads\/2019\/03\/plasmaloikus-1-768x382.jpg 768w\" sizes=\"(max-width: 900px) 100vw, 900px\" \/><\/p>\n<h2>Laserleikkaus, putkien laserleikkaus, vesileikkaus, plasmaleikkaus<\/h2>\n<p>Metallin laserleikkaus, vesileikkaus, plasmaleikkaus ja putkilaser ovat palveluja, joita voimme tarjota yhteisty\u00f6ss\u00e4 hyvien kumppaneidemme kanssa.<\/p>\n<h2>Metallin laserleikkaus<\/h2>\n<p>Metallin laserleikkaus mahdollistaa hyvin erilaisten materiaalien leikkaamisen. Laserleikkausta voidaan k\u00e4ytt\u00e4\u00e4 muun muassa seuraavien metallien leikkaamiseen:<\/p>\n<ul>\n<li>ruostumaton ter\u00e4s<\/li>\n<li>alumiini<\/li>\n<li>hiiliter\u00e4s<\/li>\n<li>messinki<\/li>\n<li>kupari<\/li>\n<li>sinkitty ter\u00e4s<\/li>\n<\/ul>\n<p>Laserleikkauksella voidaan leikata sek\u00e4 rakenteita ett\u00e4 pinnoitettua ter\u00e4st\u00e4.<\/p>\n<p>Laserleikkaukseen soveltuvien materiaalien maksimipaksuus:<\/p>\n<ul>\n<li>musta metalli, 20 mm<\/li>\n<li>ruostumaton ter\u00e4s, 15 mm<\/li>\n<li>alumiini, 15 mm<\/li>\n<\/ul>\n<h2>Miksi valita metallin laserleikkaus?<\/h2>\n<p>Laserleikkaus tarjoaa joustavuutta ja mahdollistaa eritt\u00e4in monimutkaisten osien tuottamisen, joten se soveltuu erityisen hyvin prototyyppien valmistukseen tuotekehityksen aikana. Laserleikkaus soveltuu hyvin my\u00f6s sarjatuotantoon.<\/p>\n<p>Laserleikkauksen suurimpia etuja ovat:<\/p>\n<ul>\n<li>mahdollistaa tarkan tuloksen<\/li>\n<li>on huomattavasti muita menetelmi\u00e4 nopeampi<\/li>\n<li>ammattimaisempi viimeistely<\/li>\n<li>osat eiv\u00e4t vaadi j\u00e4lkik\u00e4sittely\u00e4<\/li>\n<li>on muita menetelmi\u00e4 kustannustehokkaampi<\/li>\n<\/ul>\n<p><img decoding=\"async\" class=\"alignnone size-full wp-image-958\" src=\"https:\/\/vemet.ee\/wp-content\/uploads\/2019\/03\/torulaserloikus.jpg\" alt=\"Torulaserl\u00f5ikus\" width=\"900\" height=\"451\" srcset=\"https:\/\/vemet.ee\/wp-content\/uploads\/2019\/03\/torulaserloikus.jpg 900w, https:\/\/vemet.ee\/wp-content\/uploads\/2019\/03\/torulaserloikus-300x150.jpg 300w, https:\/\/vemet.ee\/wp-content\/uploads\/2019\/03\/torulaserloikus-768x385.jpg 768w\" sizes=\"(max-width: 900px) 100vw, 900px\" \/><\/p>\n<h2>Putkilaserleikkaus<\/h2>\n<p>Putkilaserilla tehtyjen reikien ja viisteiden laatu on eritt\u00e4in korkea, ja sit\u00e4 k\u00e4ytet\u00e4\u00e4n erilaisten putkiprofiilien leikkaamiseen.<\/p>\n<p>Lis\u00e4ksi putkilaser takaa tarkat reikien sijainnit ja eritt\u00e4in t\u00e4sm\u00e4lliset mitat.<\/p>\n<p>Jos osissa on useita reiki\u00e4 ja\/tai monimutkaisia \u200b\u200bviisteit\u00e4, putkilaser v\u00e4hent\u00e4\u00e4 merkitt\u00e4v\u00e4sti osien valmistukseen kuluvaa aikaa. Se puolestaan \u200b\u200bv\u00e4hent\u00e4\u00e4 tuotteen valmistumiskustannuksia.<\/p>\n<p>Putkileikkaus sopii hyvin seuraavien materiaalien leikkaamiseen:<\/p>\n<ul>\n<li>ruostumaton ter\u00e4s<\/li>\n<li>alumiini<\/li>\n<li>hiiliter\u00e4s<\/li>\n<\/ul>\n<h2>Metallin vesileikkaus<\/h2>\n<p>Vesileikkaus sopii erityisesti paksujen materiaalien leikkaamiseen. Vesileikkausta k\u00e4ytet\u00e4\u00e4n my\u00f6s muiden materiaalien kuin metallien leikkaamiseen.<\/p>\n<p>Vesileikkaamisessa leikkausreunan laatu riippuu ennen kaikkea leikkausnopeudesta. Toisin sanoen mit\u00e4 hitaampi leikkaus, sit\u00e4 parempi tulos.<\/p>\n<p>Koska kyseess\u00e4 on aikaaviev\u00e4 leikkaustekniikka, vesileikkaus on yleens\u00e4 laserleikkausta kalliimpaa.<\/p>\n<h2>Metallin plasmaleikkaus<\/h2>\n<p>Plasmaleikkauksessa metallilevyjen ty\u00f6st\u00f6\u00f6n ja leikkaamiseen k\u00e4ytet\u00e4\u00e4n plasmas\u00e4dett\u00e4, joka sulattaa metalliin railon. Menetelm\u00e4ll\u00e4 voidaan leikata yli 0,5 mm paksuista metallilevy\u00e4.<\/p>\n<p>Metallin plasmaleikkausta k\u00e4ytet\u00e4\u00e4n erimuotoisten ja -kokoisten levyjen ty\u00f6st\u00f6\u00f6n ja leikkaamiseen. Sill\u00e4, onko metallissa reiki\u00e4 vai ei, ei ole v\u00e4li\u00e4.<\/p>\n<p>Erityisen hyvin plasmaleikkaus sopii paksuhkoille metalliaihioille. Plasmaleikkauksen suurin valtti muihin menetelmiin verrattuna on leikkausnopeus, erityisesti rei\u00e4tt\u00f6miss\u00e4 metalliosissa.<\/p>\n<h2>Toimitusaikojen noudattaminen on meille ensiarvoista<\/h2>\n<p>M\u00e4\u00e4r\u00e4ajat ovat meille eritt\u00e4in t\u00e4rkeit\u00e4, mink\u00e4 vuoksi pid\u00e4mme aina kiinni sovituista toimitusajoista.<\/p>\n<h2>Laser-, vesi-, plasma- ja putkilaserleikkauksen tilaus<\/h2>\n<p>Tilauksen tekemiseksi ota yhteytt\u00e4 joko puhelimitse +372 520 7849 tai l\u00e4het\u00e4 s\u00e4hk\u00f6postia osoitteeseen <a href=\"mailto:vemet@vemet.ee\">vemet@vemet.ee<\/a>.<\/p>\n","protected":false},"excerpt":{"rendered":"<p>Laserleikkaus, putkien laserleikkaus, vesileikkaus, plasmaleikkaus Metallin laserleikkaus, vesileikkaus, plasmaleikkaus ja putkilaser ovat palveluja, joita voimme [&hellip;]<\/p>\n","protected":false},"author":1,"featured_media":0,"parent":0,"menu_order":0,"comment_status":"closed","ping_status":"closed","template":"","meta":{"_seopress_robots_primary_cat":"","_seopress_titles_title":"Laserleikkaus, putkien laserleikkaus, vesileikkaus, plasmaleikkaus","_seopress_titles_desc":"Metallin laserleikkaus, vesileikkaus, plasmaleikkaus ja putkilaser ovat palveluja, joita voimme tarjota yhteisty\u00f6ss\u00e4 hyvien kumppaneidemme kanssa.","_seopress_robots_index":"","site-sidebar-layout":"default","site-content-layout":"default","ast-site-content-layout":"default","site-content-style":"default","site-sidebar-style":"default","ast-global-header-display":"","ast-banner-title-visibility":"","ast-main-header-display":"","ast-hfb-above-header-display":"","ast-hfb-below-header-display":"","ast-hfb-mobile-header-display":"","site-post-title":"","ast-breadcrumbs-content":"","ast-featured-img":"","footer-sml-layout":"","theme-transparent-header-meta":"default","adv-header-id-meta":"","stick-header-meta":"default","header-above-stick-meta":"","header-main-stick-meta":"","header-below-stick-meta":"","astra-migrate-meta-layouts":"default","ast-page-background-enabled":"default","ast-page-background-meta":{"desktop":{"background-color":"","background-image":"","background-repeat":"repeat","background-position":"center center","background-size":"auto","background-attachment":"scroll","background-type":"","background-media":"","overlay-type":"","overlay-color":"","overlay-opacity":"","overlay-gradient":""},"tablet":{"background-color":"","background-image":"","background-repeat":"repeat","background-position":"center center","background-size":"auto","background-attachment":"scroll","background-type":"","background-media":"","overlay-type":"","overlay-color":"","overlay-opacity":"","overlay-gradient":""},"mobile":{"background-color":"","background-image":"","background-repeat":"repeat","background-position":"center center","background-size":"auto","background-attachment":"scroll","background-type":"","background-media":"","overlay-type":"","overlay-color":"","overlay-opacity":"","overlay-gradient":""}},"ast-content-background-meta":{"desktop":{"background-color":"var(--ast-global-color-5)","background-image":"","background-repeat":"repeat","background-position":"center center","background-size":"auto","background-attachment":"scroll","background-type":"","background-media":"","overlay-type":"","overlay-color":"","overlay-opacity":"","overlay-gradient":""},"tablet":{"background-color":"var(--ast-global-color-5)","background-image":"","background-repeat":"repeat","background-position":"center center","background-size":"auto","background-attachment":"scroll","background-type":"","background-media":"","overlay-type":"","overlay-color":"","overlay-opacity":"","overlay-gradient":""},"mobile":{"background-color":"var(--ast-global-color-5)","background-image":"","background-repeat":"repeat","background-position":"center center","background-size":"auto","background-attachment":"scroll","background-type":"","background-media":"","overlay-type":"","overlay-color":"","overlay-opacity":"","overlay-gradient":""}},"footnotes":""},"class_list":["post-1323","page","type-page","status-publish","hentry"],"_links":{"self":[{"href":"https:\/\/vemet.ee\/fi\/wp-json\/wp\/v2\/pages\/1323","targetHints":{"allow":["GET"]}}],"collection":[{"href":"https:\/\/vemet.ee\/fi\/wp-json\/wp\/v2\/pages"}],"about":[{"href":"https:\/\/vemet.ee\/fi\/wp-json\/wp\/v2\/types\/page"}],"author":[{"embeddable":true,"href":"https:\/\/vemet.ee\/fi\/wp-json\/wp\/v2\/users\/1"}],"replies":[{"embeddable":true,"href":"https:\/\/vemet.ee\/fi\/wp-json\/wp\/v2\/comments?post=1323"}],"version-history":[{"count":1,"href":"https:\/\/vemet.ee\/fi\/wp-json\/wp\/v2\/pages\/1323\/revisions"}],"predecessor-version":[{"id":1324,"href":"https:\/\/vemet.ee\/fi\/wp-json\/wp\/v2\/pages\/1323\/revisions\/1324"}],"wp:attachment":[{"href":"https:\/\/vemet.ee\/fi\/wp-json\/wp\/v2\/media?parent=1323"}],"curies":[{"name":"wp","href":"https:\/\/api.w.org\/{rel}","templated":true}]}}