{"id":1321,"date":"2019-04-02T09:13:11","date_gmt":"2019-04-02T07:13:11","guid":{"rendered":"https:\/\/vemet.ee\/metallin-jyrsinta-poraaminen-ja-leikkaus\/"},"modified":"2019-04-02T09:14:10","modified_gmt":"2019-04-02T07:14:10","slug":"metallin-jyrsinta-poraaminen-ja-leikkaus","status":"publish","type":"page","link":"https:\/\/vemet.ee\/fi\/metallin-jyrsinta-poraaminen-ja-leikkaus\/","title":{"rendered":"Metallin jyrsint\u00e4, poraaminen ja leikkaus"},"content":{"rendered":"<p><img fetchpriority=\"high\" decoding=\"async\" class=\"alignnone size-full wp-image-942\" src=\"https:\/\/vemet.ee\/wp-content\/uploads\/2019\/03\/metalli-freesimine.jpeg\" alt=\"Metalli freesimine. Metalli puurimine ja metalli saagimine\" width=\"900\" height=\"454\" srcset=\"https:\/\/vemet.ee\/wp-content\/uploads\/2019\/03\/metalli-freesimine.jpeg 900w, https:\/\/vemet.ee\/wp-content\/uploads\/2019\/03\/metalli-freesimine-300x151.jpeg 300w, https:\/\/vemet.ee\/wp-content\/uploads\/2019\/03\/metalli-freesimine-768x387.jpeg 768w\" sizes=\"(max-width: 900px) 100vw, 900px\" \/><\/p>\n<h2>Metallin jyrsint\u00e4, poraaminen ja leikkaus<\/h2>\n<p>Metallien jyrsint\u00e4, poraaminen ja leikkaaminen ovat aloja, jolla olemme toimineet vuodesta 1996 l\u00e4htien.<\/p>\n<h2>Metallin jyrsint\u00e4<\/h2>\n<p>Yhteisty\u00f6ss\u00e4 kumppaneidemme kanssa k\u00e4yt\u00e4mme uusimpia teknologioita, joiden ansiosta voimme toteuttaa seuraavia jyrsint\u00e4t\u00f6it\u00e4:<\/p>\n<ul>\n<li>Pystysuora ty\u00f6st\u00f6<\/li>\n<li>Vaakasuora ty\u00f6st\u00f6<\/li>\n<li>Kulmajyrsint\u00e4<\/li>\n<li>Jyrsint\u00e4 my\u00f6t\u00e4- ja vastap\u00e4iv\u00e4\u00e4n<\/li>\n<li>Perifeerinen jyrsint\u00e4<\/li>\n<li>Sorvausjyrsint\u00e4<\/li>\n<li>Metallin viimeistely<\/li>\n<\/ul>\n<p>Kaikkia n\u00e4it\u00e4 ty\u00f6st\u00f6menetelmi\u00e4 k\u00e4ytt\u00e4en olemme valmiita tuottamaan asiakkaiden toiveiden mukaisia koneita, laitteita ja niiden osia.<\/p>\n<p>Lis\u00e4ksi tarjoamme kierteitys- ja uranjyrsint\u00e4palveluja pyynn\u00f6st\u00e4.<\/p>\n<h2>Metallin poraaminen<\/h2>\n<p>Metallin poraus on palvelu, jossa ty\u00f6st\u00e4mme halkaisijaltaan ja syvyydelt\u00e4\u00e4n halutun kokoisen aukon ty\u00f6kappaleeseen. Autamme asiakkaitamme vaadittujen piirustusten laatimisessa ja niihin pohjalta teht\u00e4viss\u00e4 poraust\u00f6iss\u00e4.<\/p>\n<p>Pystymme toteuttamaan my\u00f6s suuren mittakaavan ty\u00f6st\u00f6t\u00f6it\u00e4.<\/p>\n<p><strong>Voimme tarjota muun muassa seuraavia palveluja:<\/strong><\/p>\n<ul>\n<li>avartaminen<\/li>\n<li>rei\u00e4n halkaisijan v\u00e4ljent\u00e4minen<\/li>\n<li>l\u00e4pimenevien reikien poraaminen<\/li>\n<li>rei\u00e4n syvent\u00e4minen<\/li>\n<li>kierteitys<\/li>\n<\/ul>\n<h2>Metallin leikkaus<\/h2>\n<p>Metallien leikkaaminen on yksi metallin ty\u00f6st\u00f6prosessin osista. Tarjoamme metallin leikkausta erillisen\u00e4 palveluna. Jos toimitat meille materiaalit, piirustukset ja muut tarvittavat tiedot, voimme suorittaa seuraavia t\u00f6it\u00e4:<\/p>\n<ul>\n<li>ruostumattoman ter\u00e4ksen leikkaaminen<\/li>\n<li>alumiinin leikkaaminen<\/li>\n<li>erikoister\u00e4sten leikkaaminen<\/li>\n<li>tankojen leikkaaminen<\/li>\n<li>putkien leikkaaminen<\/li>\n<\/ul>\n<h2>Ty\u00f6ntekij\u00f6idemme ammattitaito<\/h2>\n<p>Konepajassamme (ja yhteisty\u00f6kumppaniemme yrityksiss\u00e4) ty\u00f6skentelee eritt\u00e4in p\u00e4tevi\u00e4 eri alojen ammattilaisia, joiden osaamista testataan laajasta ty\u00f6kokemuksesta \u200b\u200bhuolimatta s\u00e4\u00e4nn\u00f6llisesti (EN1090). N\u00e4in varmistetaan, ett\u00e4 suunnittelijoiden, insin\u00f6\u00f6rien ja ty\u00f6ntekij\u00f6iden ammattitaito pysyy korkeana.<strong>\u00a0<\/strong><\/p>\n<h2>Toimitusaikojen noudattaminen on meille ensiarvoista<\/h2>\n<p>M\u00e4\u00e4r\u00e4ajat ovat meille eritt\u00e4in t\u00e4rkeit\u00e4, mink\u00e4 vuoksi pid\u00e4mme aina kiinni sovituista toimitusajoista.<\/p>\n<h2>Metallien jyrsinn\u00e4n, poraamisen ja leikkauksen tilaaminen<\/h2>\n<p>Tilauksen tekemiseksi ota yhteytt\u00e4 joko puhelimitse +372 520 7849 tai l\u00e4het\u00e4 s\u00e4hk\u00f6postia osoitteeseen <a href=\"mailto:vemet@vemet.ee\">vemet@vemet.ee<\/a>.<\/p>\n","protected":false},"excerpt":{"rendered":"<p>Metallin jyrsint\u00e4, poraaminen ja leikkaus Metallien jyrsint\u00e4, poraaminen ja leikkaaminen ovat aloja, jolla olemme toimineet [&hellip;]<\/p>\n","protected":false},"author":1,"featured_media":0,"parent":0,"menu_order":0,"comment_status":"closed","ping_status":"closed","template":"","meta":{"_seopress_robots_primary_cat":"","_seopress_titles_title":"Metallin jyrsint\u00e4, poraaminen ja leikkaus - Vemet OY","_seopress_titles_desc":"Metallien jyrsint\u00e4, poraaminen ja leikkaaminen ovat aloja, jolla olemme toimineet vuodesta 1996 l\u00e4htien. Toimitusaikojen noudattaminen on meille ensiarvoista","_seopress_robots_index":"","site-sidebar-layout":"default","site-content-layout":"default","ast-site-content-layout":"default","site-content-style":"default","site-sidebar-style":"default","ast-global-header-display":"","ast-banner-title-visibility":"","ast-main-header-display":"","ast-hfb-above-header-display":"","ast-hfb-below-header-display":"","ast-hfb-mobile-header-display":"","site-post-title":"","ast-breadcrumbs-content":"","ast-featured-img":"","footer-sml-layout":"","theme-transparent-header-meta":"default","adv-header-id-meta":"","stick-header-meta":"default","header-above-stick-meta":"","header-main-stick-meta":"","header-below-stick-meta":"","astra-migrate-meta-layouts":"default","ast-page-background-enabled":"default","ast-page-background-meta":{"desktop":{"background-color":"","background-image":"","background-repeat":"repeat","background-position":"center center","background-size":"auto","background-attachment":"scroll","background-type":"","background-media":"","overlay-type":"","overlay-color":"","overlay-opacity":"","overlay-gradient":""},"tablet":{"background-color":"","background-image":"","background-repeat":"repeat","background-position":"center center","background-size":"auto","background-attachment":"scroll","background-type":"","background-media":"","overlay-type":"","overlay-color":"","overlay-opacity":"","overlay-gradient":""},"mobile":{"background-color":"","background-image":"","background-repeat":"repeat","background-position":"center center","background-size":"auto","background-attachment":"scroll","background-type":"","background-media":"","overlay-type":"","overlay-color":"","overlay-opacity":"","overlay-gradient":""}},"ast-content-background-meta":{"desktop":{"background-color":"var(--ast-global-color-5)","background-image":"","background-repeat":"repeat","background-position":"center center","background-size":"auto","background-attachment":"scroll","background-type":"","background-media":"","overlay-type":"","overlay-color":"","overlay-opacity":"","overlay-gradient":""},"tablet":{"background-color":"var(--ast-global-color-5)","background-image":"","background-repeat":"repeat","background-position":"center center","background-size":"auto","background-attachment":"scroll","background-type":"","background-media":"","overlay-type":"","overlay-color":"","overlay-opacity":"","overlay-gradient":""},"mobile":{"background-color":"var(--ast-global-color-5)","background-image":"","background-repeat":"repeat","background-position":"center center","background-size":"auto","background-attachment":"scroll","background-type":"","background-media":"","overlay-type":"","overlay-color":"","overlay-opacity":"","overlay-gradient":""}},"footnotes":""},"class_list":["post-1321","page","type-page","status-publish","hentry"],"_links":{"self":[{"href":"https:\/\/vemet.ee\/fi\/wp-json\/wp\/v2\/pages\/1321","targetHints":{"allow":["GET"]}}],"collection":[{"href":"https:\/\/vemet.ee\/fi\/wp-json\/wp\/v2\/pages"}],"about":[{"href":"https:\/\/vemet.ee\/fi\/wp-json\/wp\/v2\/types\/page"}],"author":[{"embeddable":true,"href":"https:\/\/vemet.ee\/fi\/wp-json\/wp\/v2\/users\/1"}],"replies":[{"embeddable":true,"href":"https:\/\/vemet.ee\/fi\/wp-json\/wp\/v2\/comments?post=1321"}],"version-history":[{"count":1,"href":"https:\/\/vemet.ee\/fi\/wp-json\/wp\/v2\/pages\/1321\/revisions"}],"predecessor-version":[{"id":1322,"href":"https:\/\/vemet.ee\/fi\/wp-json\/wp\/v2\/pages\/1321\/revisions\/1322"}],"wp:attachment":[{"href":"https:\/\/vemet.ee\/fi\/wp-json\/wp\/v2\/media?parent=1321"}],"curies":[{"name":"wp","href":"https:\/\/api.w.org\/{rel}","templated":true}]}}