{"id":1318,"date":"2019-04-02T09:08:46","date_gmt":"2019-04-02T07:08:46","guid":{"rendered":"https:\/\/vemet.ee\/metalliset-parvekkeet-kaiteet-portaat-aidat-ja-portit\/"},"modified":"2019-04-02T09:46:14","modified_gmt":"2019-04-02T07:46:14","slug":"metalliset-parvekkeet","status":"publish","type":"page","link":"https:\/\/vemet.ee\/fi\/metalliset-parvekkeet\/","title":{"rendered":"Metalliset parvekkeet, kaiteet, portaat, aidat ja portit"},"content":{"rendered":"<p><img fetchpriority=\"high\" decoding=\"async\" class=\"alignnone size-full wp-image-933\" src=\"https:\/\/vemet.ee\/wp-content\/uploads\/2019\/03\/metallist-rodud-rodupiirded-1-1.jpg\" alt=\"Metallist r\u00f5dud, r\u00f5dupiirded, trepid, aiad, v\u00e4ravad\" width=\"900\" height=\"472\" srcset=\"https:\/\/vemet.ee\/wp-content\/uploads\/2019\/03\/metallist-rodud-rodupiirded-1-1.jpg 900w, https:\/\/vemet.ee\/wp-content\/uploads\/2019\/03\/metallist-rodud-rodupiirded-1-1-300x157.jpg 300w, https:\/\/vemet.ee\/wp-content\/uploads\/2019\/03\/metallist-rodud-rodupiirded-1-1-768x403.jpg 768w\" sizes=\"(max-width: 900px) 100vw, 900px\" \/><\/p>\n<h2>Metalliset parvekkeet, kaiteet, portaat, aidat ja portit<\/h2>\n<p>Ter\u00e4srakenteisten parvekkeiden ja kaiteiden valmistaminen on ala, jolla olemme toimineet vuodesta 1996 l\u00e4htien. Valmistamme my\u00f6s metallisia portaita, aitoja ja portteja.<\/p>\n<h2>Metallirunkoisten parvekkeiden valmistus ja asennus<\/h2>\n<p>Muuttuvissa s\u00e4\u00e4olosuhteissamme parvekkeiden on syyt\u00e4 olla vahvoja ja kest\u00e4vi\u00e4. Muuten parveke (tai sen kaide) voi pudotessaan vahingoittaa l\u00e4heisyydess\u00e4 olevia ihmisi\u00e4.<\/p>\n<p>Kaikki metalliset parvekkeet ja niiden kaiteet on valmistettu laadukkaista materiaaleista ja tarkoitettu kest\u00e4m\u00e4\u00e4n vuosia. Tarvittaessa yhdist\u00e4mme eri materiaaleja (metalli, lasi jne.) ja takaamme erinomaisen tuloksen vaativallekin asiakkaalle.<\/p>\n<h2>Parvekekaiteiden valmistus ja vaihto<\/h2>\n<p>Parvekkeiden kaiteet ovat yleens\u00e4 kaikkien n\u00e4ht\u00e4vill\u00e4, ja ne ilment\u00e4v\u00e4t samalla rakennuksen tyyli\u00e4. Jotta kaikki elementit olisivat kesken\u00e4\u00e4n sopusoinnussa, kannattaa mietti\u00e4 jo talon suunnitteluvaiheessa milt\u00e4 parvekekaiteet voisivat n\u00e4ytt\u00e4\u00e4.<\/p>\n<p>Hyv\u00e4n lopputuloksen saavuttamiseksi ty\u00f6 kannattaa tilata ammattilaisilta. Muutoin on vaarana, ett\u00e4 v\u00e4\u00e4rin kiinnitetty parveke tai sen osat irtoavat ja vahingoittavat l\u00e4heisyyteen sattuvia ihmisi\u00e4.<\/p>\n<h2>Turvalliset parvekkeet ja kaiteet<\/h2>\n<p>Jotta k\u00e4ytt\u00e4j\u00e4t voisivat tuntea olonsa turvalliseksi, ter\u00e4srakenteiset parvekkeemme on valmistettu kaikkia turvallisuusvaatimuksia noudattaen.<\/p>\n<p><img decoding=\"async\" class=\"alignnone size-full wp-image-929\" src=\"https:\/\/vemet.ee\/wp-content\/uploads\/2019\/03\/metallist-rodud-rodupiirded-1.jpg\" alt=\"Metallist r\u00f5dud, r\u00f5dupiirded, trepid, aiad, v\u00e4ravad\" width=\"900\" height=\"427\" srcset=\"https:\/\/vemet.ee\/wp-content\/uploads\/2019\/03\/metallist-rodud-rodupiirded-1.jpg 900w, https:\/\/vemet.ee\/wp-content\/uploads\/2019\/03\/metallist-rodud-rodupiirded-1-300x142.jpg 300w, https:\/\/vemet.ee\/wp-content\/uploads\/2019\/03\/metallist-rodud-rodupiirded-1-768x364.jpg 768w\" sizes=\"(max-width: 900px) 100vw, 900px\" \/><\/p>\n<h2>Metalliportaiden valmistus ja asennus<\/h2>\n<p>Valmistamme ter\u00e4sportaita sek\u00e4 yrityksille ett\u00e4 yksityiseen k\u00e4ytt\u00f6\u00f6n. Teollisuusportaista valmistamme seuraavia:<\/p>\n<ul>\n<li>metalliset yksipalkkiset portaat<\/li>\n<li>metalliset kaksipalkkiset portaat<\/li>\n<li>ritil\u00e4askelmat<\/li>\n<li>rihvelastmed<\/li>\n<\/ul>\n<p>Metalliportaiden lis\u00e4ksi valmistamme ja asennamme porraskaiteita ja -tasanteita. Voimme yhdist\u00e4\u00e4 erilaisia \u200b\u200bprofiileja ja materiaaleja (lasi, metalli, puu jne.) asiakkaan toiveiden mukaan.<\/p>\n<h2>Metalliaitojen ja -porttien valmistus ja asennus<\/h2>\n<p>Ter\u00e4saidat ovat edustavia ja laadukkaita. Ne t\u00e4ydent\u00e4v\u00e4t talon ja tontin kokonaisilmett\u00e4. Metalliaidat ovat puisista poiketen my\u00f6s vandaalinkest\u00e4vi\u00e4 ja niill\u00e4 on hyv\u00e4 s\u00e4\u00e4nkest\u00e4vyys.<\/p>\n<p>Tavallisesti valmistamme metalliaidan nelikanttiputkesta, joka kuumasinkit\u00e4\u00e4n ja tarvittaessa maalataan korroosionkest\u00e4vyyden lis\u00e4\u00e4miseksi ja ulkon\u00e4\u00f6n parantamiseksi.<\/p>\n<p>Mutta mit\u00e4 olisi aita ilman porttia? Siksi valmistamme my\u00f6s metallisia portteja, jotka kest\u00e4v\u00e4t p\u00e4ivitt\u00e4ist\u00e4 k\u00e4ytt\u00f6\u00e4 ja vaihtelevaa s\u00e4\u00e4t\u00e4.<\/p>\n<h2>Laadukkaat ja tarkat tuotteet<\/h2>\n<p>Tuotteidemme valmistuksessa ja asennuksessa k\u00e4yt\u00e4mme ammattilaisia, joilla on oman erikoisalansa koulutus. Yli 20 vuoden ty\u00f6kokemuksen ansiosta saavutamme laadultaan erinomaisia ja tarkkoja tuloksia vaativissakin ty\u00f6st\u00f6vaiheissa.<\/p>\n<h2>Ty\u00f6ntekij\u00f6idemme ammattitaito<\/h2>\n<p>Konepajassamme (ja yhteisty\u00f6kumppaniemme yrityksiss\u00e4) ty\u00f6skentelee eritt\u00e4in p\u00e4tevi\u00e4 eri alojen ammattilaisia, joiden osaamista testataan laajasta ty\u00f6kokemuksesta \u200b\u200bhuolimatta s\u00e4\u00e4nn\u00f6llisesti (EN1090). N\u00e4in varmistetaan, ett\u00e4 suunnittelijoiden, insin\u00f6\u00f6rien ja ty\u00f6ntekij\u00f6iden ammattitaito pysyy korkeana.<\/p>\n<h2>Toimitusaikojen noudattaminen on meille ensiarvoista<\/h2>\n<p>M\u00e4\u00e4r\u00e4ajat ovat meille eritt\u00e4in t\u00e4rkeit\u00e4, mink\u00e4 vuoksi pid\u00e4mme aina kiinni sovituista toimitusajoista.<\/p>\n<h2>Parvekkeiden, kaiteiden, aitojen ja porttien tilaus<\/h2>\n<p>Tilauksen tekemiseksi ota yhteytt\u00e4 joko puhelimitse +372 520 7849 tai l\u00e4het\u00e4 s\u00e4hk\u00f6postia osoitteeseen vemet@vemet.ee.<\/p>\n","protected":false},"excerpt":{"rendered":"<p>Metalliset parvekkeet, kaiteet, portaat, aidat ja portit Ter\u00e4srakenteisten parvekkeiden ja kaiteiden valmistaminen on ala, jolla [&hellip;]<\/p>\n","protected":false},"author":1,"featured_media":0,"parent":0,"menu_order":0,"comment_status":"closed","ping_status":"closed","template":"","meta":{"_seopress_robots_primary_cat":"","_seopress_titles_title":"Metalliset parvekkeet, kaiteet, portaat, aidat ja portit","_seopress_titles_desc":"Metalliset parvekkeet, kaiteet, portaat, aidat ja portit. Metallirunkoisten parvekkeiden valmistus ja asennus. Parvekekaiteiden valmistus ja vaihto","_seopress_robots_index":"","site-sidebar-layout":"default","site-content-layout":"default","ast-site-content-layout":"default","site-content-style":"default","site-sidebar-style":"default","ast-global-header-display":"","ast-banner-title-visibility":"","ast-main-header-display":"","ast-hfb-above-header-display":"","ast-hfb-below-header-display":"","ast-hfb-mobile-header-display":"","site-post-title":"","ast-breadcrumbs-content":"","ast-featured-img":"","footer-sml-layout":"","theme-transparent-header-meta":"default","adv-header-id-meta":"","stick-header-meta":"default","header-above-stick-meta":"","header-main-stick-meta":"","header-below-stick-meta":"","astra-migrate-meta-layouts":"default","ast-page-background-enabled":"default","ast-page-background-meta":{"desktop":{"background-color":"","background-image":"","background-repeat":"repeat","background-position":"center center","background-size":"auto","background-attachment":"scroll","background-type":"","background-media":"","overlay-type":"","overlay-color":"","overlay-opacity":"","overlay-gradient":""},"tablet":{"background-color":"","background-image":"","background-repeat":"repeat","background-position":"center center","background-size":"auto","background-attachment":"scroll","background-type":"","background-media":"","overlay-type":"","overlay-color":"","overlay-opacity":"","overlay-gradient":""},"mobile":{"background-color":"","background-image":"","background-repeat":"repeat","background-position":"center center","background-size":"auto","background-attachment":"scroll","background-type":"","background-media":"","overlay-type":"","overlay-color":"","overlay-opacity":"","overlay-gradient":""}},"ast-content-background-meta":{"desktop":{"background-color":"var(--ast-global-color-5)","background-image":"","background-repeat":"repeat","background-position":"center center","background-size":"auto","background-attachment":"scroll","background-type":"","background-media":"","overlay-type":"","overlay-color":"","overlay-opacity":"","overlay-gradient":""},"tablet":{"background-color":"var(--ast-global-color-5)","background-image":"","background-repeat":"repeat","background-position":"center center","background-size":"auto","background-attachment":"scroll","background-type":"","background-media":"","overlay-type":"","overlay-color":"","overlay-opacity":"","overlay-gradient":""},"mobile":{"background-color":"var(--ast-global-color-5)","background-image":"","background-repeat":"repeat","background-position":"center center","background-size":"auto","background-attachment":"scroll","background-type":"","background-media":"","overlay-type":"","overlay-color":"","overlay-opacity":"","overlay-gradient":""}},"footnotes":""},"class_list":["post-1318","page","type-page","status-publish","hentry"],"_links":{"self":[{"href":"https:\/\/vemet.ee\/fi\/wp-json\/wp\/v2\/pages\/1318","targetHints":{"allow":["GET"]}}],"collection":[{"href":"https:\/\/vemet.ee\/fi\/wp-json\/wp\/v2\/pages"}],"about":[{"href":"https:\/\/vemet.ee\/fi\/wp-json\/wp\/v2\/types\/page"}],"author":[{"embeddable":true,"href":"https:\/\/vemet.ee\/fi\/wp-json\/wp\/v2\/users\/1"}],"replies":[{"embeddable":true,"href":"https:\/\/vemet.ee\/fi\/wp-json\/wp\/v2\/comments?post=1318"}],"version-history":[{"count":1,"href":"https:\/\/vemet.ee\/fi\/wp-json\/wp\/v2\/pages\/1318\/revisions"}],"predecessor-version":[{"id":1320,"href":"https:\/\/vemet.ee\/fi\/wp-json\/wp\/v2\/pages\/1318\/revisions\/1320"}],"wp:attachment":[{"href":"https:\/\/vemet.ee\/fi\/wp-json\/wp\/v2\/media?parent=1318"}],"curies":[{"name":"wp","href":"https:\/\/api.w.org\/{rel}","templated":true}]}}