{"id":1316,"date":"2019-04-02T09:03:44","date_gmt":"2019-04-02T07:03:44","guid":{"rendered":"https:\/\/vemet.ee\/harjakattohallien-terasrungot\/"},"modified":"2019-04-02T09:04:35","modified_gmt":"2019-04-02T07:04:35","slug":"harjakattohallien-terasrungot","status":"publish","type":"page","link":"https:\/\/vemet.ee\/fi\/harjakattohallien-terasrungot\/","title":{"rendered":"Harjakattohallien ter\u00e4srungot"},"content":{"rendered":"<p><img fetchpriority=\"high\" decoding=\"async\" class=\"alignnone size-full wp-image-915\" src=\"https:\/\/vemet.ee\/wp-content\/uploads\/2019\/03\/viilhalli-metallkarkasside-valmistamine.jpg\" alt=\"Viilhalli metallkarkasside valmistamine\" width=\"900\" height=\"438\" srcset=\"https:\/\/vemet.ee\/wp-content\/uploads\/2019\/03\/viilhalli-metallkarkasside-valmistamine.jpg 900w, https:\/\/vemet.ee\/wp-content\/uploads\/2019\/03\/viilhalli-metallkarkasside-valmistamine-300x146.jpg 300w, https:\/\/vemet.ee\/wp-content\/uploads\/2019\/03\/viilhalli-metallkarkasside-valmistamine-768x374.jpg 768w\" sizes=\"(max-width: 900px) 100vw, 900px\" \/><\/p>\n<h2>Harjakattohallien ter\u00e4srungot<\/h2>\n<p>Harjakattoisten teollisuushallien ter\u00e4srakenteiden valmistus on ala, jolla olemme toimineet vuodesta 1996.<\/p>\n<p>Valmistamme metallirunkoja erikokoisille ja -mallisille harjakattohalleille asiakkaan toiveiden ja tarpeiden mukaisesti.<\/p>\n<h2>Miksi valita harjakattoinen halli?<\/h2>\n<p>Harjakattoisen hallin suuri etu on sen nopea pystytys. Se on rakenteeltaan keve\u00e4 ja siten erinomainen vaihtoehto rakenteeltaan raskaammille rakennuksille.<\/p>\n<p>Koska hallin tuotantoprosessi on eritt\u00e4in tehokas, pystytys tapahtuu muutamassa p\u00e4iv\u00e4ss\u00e4.<\/p>\n<p><strong>Harjakattohallien k\u00e4ytt\u00f6tarkoitukset:<\/strong><\/p>\n<ul>\n<li>kaikentyyppiset varastot<\/li>\n<li>suojat ja katokset<\/li>\n<li>erilaiset tuotantorakennukset<\/li>\n<\/ul>\n<h2>Ter\u00e4srunkojen valmistus ja asennus<\/h2>\n<p>Hallin ter\u00e4srakenteet valmistuvat aiemmin sovittujen piirustusten mukaisesti. Tavallisesti rungon metalliosat sinkit\u00e4\u00e4n ja my\u00f6s maalataan, jos asiakas niin haluaa.<\/p>\n<p>Jotta rakenteita voitaisiin tarvittaessa k\u00e4ytt\u00e4\u00e4 muualla, teemme kaikki liitokset pulttiliitoksilla.<\/p>\n<h2>Laadukkaat ja tarkat tuotteet<\/h2>\n<p>Hallien ter\u00e4srakenteiden valmistuksessa k\u00e4yt\u00e4mme ammattilaisia, joilla on oman erikoisalansa koulutus. Yli 20 vuoden ty\u00f6kokemuksen ansiosta saavutamme laadultaan erinomaisia ja tarkkoja tuloksia vaativissakin ty\u00f6st\u00f6vaiheissa.<\/p>\n<h2>Ty\u00f6ntekij\u00f6idemme ammattitaito<\/h2>\n<p>Konepajassamme (ja yhteisty\u00f6kumppaniemme yrityksiss\u00e4) ty\u00f6skentelee eritt\u00e4in p\u00e4tevi\u00e4 eri alojen ammattilaisia, joiden osaamista testataan laajasta ty\u00f6kokemuksesta \u200b\u200bhuolimatta s\u00e4\u00e4nn\u00f6llisesti (EN1090). N\u00e4in varmistetaan, ett\u00e4 suunnittelijoiden, insin\u00f6\u00f6rien ja ty\u00f6ntekij\u00f6iden ammattitaito pysyy korkeana.<\/p>\n<h2>Toimitusaikojen noudattaminen on meille ensiarvoista<\/h2>\n<p>M\u00e4\u00e4r\u00e4ajat ovat meille eritt\u00e4in t\u00e4rkeit\u00e4, mink\u00e4 vuoksi pid\u00e4mme aina kiinni sovituista toimitusajoista.<\/p>\n<h2>Hallien ter\u00e4srakenteiden tilaus<\/h2>\n<p>Tilauksen tekemiseksi ota yhteytt\u00e4 joko puhelimitse +372 5207849 tai l\u00e4het\u00e4 s\u00e4hk\u00f6postia osoitteeseen vemet@vemet.ee.<\/p>\n","protected":false},"excerpt":{"rendered":"<p>Harjakattohallien ter\u00e4srungot Harjakattoisten teollisuushallien ter\u00e4srakenteiden valmistus on ala, jolla olemme toimineet vuodesta 1996. Valmistamme metallirunkoja [&hellip;]<\/p>\n","protected":false},"author":1,"featured_media":0,"parent":0,"menu_order":0,"comment_status":"closed","ping_status":"closed","template":"","meta":{"_seopress_robots_primary_cat":"","_seopress_titles_title":"Harjakattohallien ter\u00e4srungot -Vemet OY","_seopress_titles_desc":"Harjakattohallien ter\u00e4srungot. Harjakattoisten teollisuushallien ter\u00e4srakenteiden valmistus on ala, jolla olemme toimineet vuodesta 1996. Ota yhteytt\u00e4.","_seopress_robots_index":"","site-sidebar-layout":"default","site-content-layout":"default","ast-site-content-layout":"default","site-content-style":"default","site-sidebar-style":"default","ast-global-header-display":"","ast-banner-title-visibility":"","ast-main-header-display":"","ast-hfb-above-header-display":"","ast-hfb-below-header-display":"","ast-hfb-mobile-header-display":"","site-post-title":"","ast-breadcrumbs-content":"","ast-featured-img":"","footer-sml-layout":"","theme-transparent-header-meta":"default","adv-header-id-meta":"","stick-header-meta":"default","header-above-stick-meta":"","header-main-stick-meta":"","header-below-stick-meta":"","astra-migrate-meta-layouts":"default","ast-page-background-enabled":"default","ast-page-background-meta":{"desktop":{"background-color":"","background-image":"","background-repeat":"repeat","background-position":"center center","background-size":"auto","background-attachment":"scroll","background-type":"","background-media":"","overlay-type":"","overlay-color":"","overlay-opacity":"","overlay-gradient":""},"tablet":{"background-color":"","background-image":"","background-repeat":"repeat","background-position":"center center","background-size":"auto","background-attachment":"scroll","background-type":"","background-media":"","overlay-type":"","overlay-color":"","overlay-opacity":"","overlay-gradient":""},"mobile":{"background-color":"","background-image":"","background-repeat":"repeat","background-position":"center center","background-size":"auto","background-attachment":"scroll","background-type":"","background-media":"","overlay-type":"","overlay-color":"","overlay-opacity":"","overlay-gradient":""}},"ast-content-background-meta":{"desktop":{"background-color":"var(--ast-global-color-5)","background-image":"","background-repeat":"repeat","background-position":"center center","background-size":"auto","background-attachment":"scroll","background-type":"","background-media":"","overlay-type":"","overlay-color":"","overlay-opacity":"","overlay-gradient":""},"tablet":{"background-color":"var(--ast-global-color-5)","background-image":"","background-repeat":"repeat","background-position":"center center","background-size":"auto","background-attachment":"scroll","background-type":"","background-media":"","overlay-type":"","overlay-color":"","overlay-opacity":"","overlay-gradient":""},"mobile":{"background-color":"var(--ast-global-color-5)","background-image":"","background-repeat":"repeat","background-position":"center center","background-size":"auto","background-attachment":"scroll","background-type":"","background-media":"","overlay-type":"","overlay-color":"","overlay-opacity":"","overlay-gradient":""}},"footnotes":""},"class_list":["post-1316","page","type-page","status-publish","hentry"],"_links":{"self":[{"href":"https:\/\/vemet.ee\/fi\/wp-json\/wp\/v2\/pages\/1316","targetHints":{"allow":["GET"]}}],"collection":[{"href":"https:\/\/vemet.ee\/fi\/wp-json\/wp\/v2\/pages"}],"about":[{"href":"https:\/\/vemet.ee\/fi\/wp-json\/wp\/v2\/types\/page"}],"author":[{"embeddable":true,"href":"https:\/\/vemet.ee\/fi\/wp-json\/wp\/v2\/users\/1"}],"replies":[{"embeddable":true,"href":"https:\/\/vemet.ee\/fi\/wp-json\/wp\/v2\/comments?post=1316"}],"version-history":[{"count":1,"href":"https:\/\/vemet.ee\/fi\/wp-json\/wp\/v2\/pages\/1316\/revisions"}],"predecessor-version":[{"id":1317,"href":"https:\/\/vemet.ee\/fi\/wp-json\/wp\/v2\/pages\/1316\/revisions\/1317"}],"wp:attachment":[{"href":"https:\/\/vemet.ee\/fi\/wp-json\/wp\/v2\/media?parent=1316"}],"curies":[{"name":"wp","href":"https:\/\/api.w.org\/{rel}","templated":true}]}}