{"id":1314,"date":"2019-04-02T08:59:27","date_gmt":"2019-04-02T06:59:27","guid":{"rendered":"https:\/\/vemet.ee\/metallityot-metallirakenteiden-ja-terasrunkojen-valmistus\/"},"modified":"2019-04-02T09:45:30","modified_gmt":"2019-04-02T07:45:30","slug":"metallityot","status":"publish","type":"page","link":"https:\/\/vemet.ee\/fi\/metallityot\/","title":{"rendered":"Metallity\u00f6t, metallirakenteiden ja ter\u00e4srunkojen valmistus"},"content":{"rendered":"<p><img fetchpriority=\"high\" decoding=\"async\" class=\"alignnone size-full wp-image-1291\" src=\"https:\/\/vemet.ee\/wp-content\/uploads\/2019\/03\/metallitood-1.jpg\" alt=\"Metallit\u00f6\u00f6d. Metallkonstruktsioonide valmistamine\" width=\"900\" height=\"419\" srcset=\"https:\/\/vemet.ee\/wp-content\/uploads\/2019\/03\/metallitood-1.jpg 900w, https:\/\/vemet.ee\/wp-content\/uploads\/2019\/03\/metallitood-1-300x140.jpg 300w, https:\/\/vemet.ee\/wp-content\/uploads\/2019\/03\/metallitood-1-768x358.jpg 768w\" sizes=\"(max-width: 900px) 100vw, 900px\" \/><\/p>\n<h2>Metallity\u00f6t, metallirakenteiden ja ter\u00e4srunkojen valmistus<\/h2>\n<p>Metallity\u00f6t ja metallirakenteiden valmistus ovat aloja, joilla olemme toimineet vuodesta 1996 l\u00e4htien. Toteutamme erityyppisi\u00e4 tilauksia piirustuksista ja projektien suunnittelusta asennuksiin.<\/p>\n<p>Konepajaosastomme suorittaa kaikkia ty\u00f6st\u00f6- ja metallit\u00f6it\u00e4:<\/p>\n<p><strong>Teemme seuraavia metallit\u00f6it\u00e4:<\/strong><\/p>\n<ul>\n<li>Jyrsint\u00e4<\/li>\n<li>Hitsaus<\/li>\n<li>Metallirakenteiden valmistus<\/li>\n<li>Metallirakenteiden osien valmistus ja asennus<\/li>\n<li>Metallirakenteiden korjaus<\/li>\n<li>Pintaviimeistely<\/li>\n<li>Hionta<\/li>\n<li>Kokoonpanoty\u00f6t<\/li>\n<li>Huonekalujen metallirungot<\/li>\n<li>Huonekalujen osat<\/li>\n<li>Metallit\u00f6iden projektinsuunnittelu<\/li>\n<li>Metallit\u00f6iden projektinhallinta<\/li>\n<\/ul>\n<h2>Tekninen tuki ja asiakirjojen t\u00e4ydent\u00e4minen<\/h2>\n<p>Edell\u00e4 mainittujen palveluiden lis\u00e4ksi tarjoamme asiakkaillemme kaikenlaista teknist\u00e4 tukea ja tarvittaessa t\u00e4ydenn\u00e4mme asiakkaan toimittamia teknisi\u00e4 asiakirjoja. Hoidamme my\u00f6s toimitettavien tuotteiden mittausprotokollat.<\/p>\n<h2>Laadukkaat ja tarkat tuotteet<\/h2>\n<p>Metallit\u00f6it\u00e4 tekev\u00e4t ja metallirakenteita valmistavat ammattilaiset, joilla on oman erikoisalansa koulutus. Yli 20 vuoden ty\u00f6kokemuksen ansiosta saavutamme laadultaan erinomaisia ja tarkkoja tuloksia vaativissakin ty\u00f6st\u00f6vaiheissa.<\/p>\n<p>Esit\u00e4mme sertifikaatit metallit\u00f6iss\u00e4 k\u00e4ytetyist\u00e4 materiaaleista.<\/p>\n<h2>Ty\u00f6ntekij\u00f6idemme ammattitaito<\/h2>\n<p>Konepajassamme (ja yhteisty\u00f6kumppaniemme yrityksiss\u00e4) ty\u00f6skentelee eritt\u00e4in p\u00e4tevi\u00e4 eri alojen ammattilaisia, joiden osaamista testataan laajasta ty\u00f6kokemuksesta \u200b\u200bhuolimatta s\u00e4\u00e4nn\u00f6llisesti (EN1090). N\u00e4in varmistetaan, ett\u00e4 suunnittelijoiden, insin\u00f6\u00f6rien ja ty\u00f6ntekij\u00f6iden ammattitaito pysyy korkeana.<\/p>\n<h2>Metallirakenteiden valmistus ja asennus<\/h2>\n<p>Metallirakenteet valmistuvat seuraavassa prosessissa:<\/p>\n<ul>\n<li>Metallirakenteen suunnittelu<\/li>\n<li>Tarvittavien laskelmien tekeminen<\/li>\n<li>Teknisen teht\u00e4v\u00e4n asettaminen edell\u00e4 olevan pohjalta<\/li>\n<li>Materiaalien valmistelu ja kokoaminen<\/li>\n<li>Metallirakenteen hitsaus, tarvittavien kiinnittimien ja pulttiliitosten tekeminen<\/li>\n<li>Metallirakenteiden pintak\u00e4sittely<\/li>\n<\/ul>\n<h2>Metallirakenteiden suunnittelu<\/h2>\n<p>Suunnittelu sis\u00e4lt\u00e4\u00e4 seuraavat vaiheet:<\/p>\n<ul>\n<li>Suunnittelemme metallirakenteen yleisilmeen ja piirr\u00e4mme luonnoksen<\/li>\n<li>M\u00e4\u00e4rit\u00e4mme eri elementtien sijainnin<\/li>\n<li>Teemme tarvittavat kokoonpanopiirustukset<\/li>\n<li>Esittelemme projektin asiakkaalle<\/li>\n<\/ul>\n<h2>Metallirakenteiden pintak\u00e4sittely<\/h2>\n<p>Yleens\u00e4 suojaamme ja viimeistelemme rungot ja rakenteet kuumasinkityst\u00e4, m\u00e4rk\u00e4maalausta ja jauhemaalausta k\u00e4ytt\u00e4en.<\/p>\n<p>Kuumasinkityksen aikana katamme rakenteiden eri osat sinkkikerroksella. Jauhemaalauksen tarkoituksena on rakenteiden viimeistely.<\/p>\n<h2>Toimitusaikojen noudattaminen on meille ensiarvoista<\/h2>\n<p>M\u00e4\u00e4r\u00e4ajat ovat meille eritt\u00e4in t\u00e4rkeit\u00e4, mink\u00e4 vuoksi pid\u00e4mme aina kiinni sovituista toimitusajoista.<\/p>\n<h2>Metallit\u00f6iden tilaus<\/h2>\n<p>Tilauksen tekemiseksi ota yhteytt\u00e4 joko puhelimitse +372 520 7849 tai l\u00e4het\u00e4 s\u00e4hk\u00f6postia osoitteeseen vemet@vemet.ee<\/p>\n","protected":false},"excerpt":{"rendered":"<p>Metallity\u00f6t, metallirakenteiden ja ter\u00e4srunkojen valmistus Metallity\u00f6t ja metallirakenteiden valmistus ovat aloja, joilla olemme toimineet vuodesta [&hellip;]<\/p>\n","protected":false},"author":1,"featured_media":0,"parent":0,"menu_order":0,"comment_status":"closed","ping_status":"closed","template":"","meta":{"_seopress_robots_primary_cat":"","_seopress_titles_title":"Metallity\u00f6t, metallirakenteiden ja ter\u00e4srunkojen valmistus","_seopress_titles_desc":"Metallity\u00f6t, metallirakenteiden ja ter\u00e4srunkojen valmistus ovat aloja, joilla olemme toimineet vuodesta 1996 l\u00e4htien. Ota yhteytt\u00e4","_seopress_robots_index":"","site-sidebar-layout":"default","site-content-layout":"default","ast-site-content-layout":"default","site-content-style":"default","site-sidebar-style":"default","ast-global-header-display":"","ast-banner-title-visibility":"","ast-main-header-display":"","ast-hfb-above-header-display":"","ast-hfb-below-header-display":"","ast-hfb-mobile-header-display":"","site-post-title":"","ast-breadcrumbs-content":"","ast-featured-img":"","footer-sml-layout":"","theme-transparent-header-meta":"default","adv-header-id-meta":"","stick-header-meta":"default","header-above-stick-meta":"","header-main-stick-meta":"","header-below-stick-meta":"","astra-migrate-meta-layouts":"default","ast-page-background-enabled":"default","ast-page-background-meta":{"desktop":{"background-color":"","background-image":"","background-repeat":"repeat","background-position":"center center","background-size":"auto","background-attachment":"scroll","background-type":"","background-media":"","overlay-type":"","overlay-color":"","overlay-opacity":"","overlay-gradient":""},"tablet":{"background-color":"","background-image":"","background-repeat":"repeat","background-position":"center center","background-size":"auto","background-attachment":"scroll","background-type":"","background-media":"","overlay-type":"","overlay-color":"","overlay-opacity":"","overlay-gradient":""},"mobile":{"background-color":"","background-image":"","background-repeat":"repeat","background-position":"center center","background-size":"auto","background-attachment":"scroll","background-type":"","background-media":"","overlay-type":"","overlay-color":"","overlay-opacity":"","overlay-gradient":""}},"ast-content-background-meta":{"desktop":{"background-color":"var(--ast-global-color-5)","background-image":"","background-repeat":"repeat","background-position":"center center","background-size":"auto","background-attachment":"scroll","background-type":"","background-media":"","overlay-type":"","overlay-color":"","overlay-opacity":"","overlay-gradient":""},"tablet":{"background-color":"var(--ast-global-color-5)","background-image":"","background-repeat":"repeat","background-position":"center center","background-size":"auto","background-attachment":"scroll","background-type":"","background-media":"","overlay-type":"","overlay-color":"","overlay-opacity":"","overlay-gradient":""},"mobile":{"background-color":"var(--ast-global-color-5)","background-image":"","background-repeat":"repeat","background-position":"center center","background-size":"auto","background-attachment":"scroll","background-type":"","background-media":"","overlay-type":"","overlay-color":"","overlay-opacity":"","overlay-gradient":""}},"footnotes":""},"class_list":["post-1314","page","type-page","status-publish","hentry"],"_links":{"self":[{"href":"https:\/\/vemet.ee\/fi\/wp-json\/wp\/v2\/pages\/1314","targetHints":{"allow":["GET"]}}],"collection":[{"href":"https:\/\/vemet.ee\/fi\/wp-json\/wp\/v2\/pages"}],"about":[{"href":"https:\/\/vemet.ee\/fi\/wp-json\/wp\/v2\/types\/page"}],"author":[{"embeddable":true,"href":"https:\/\/vemet.ee\/fi\/wp-json\/wp\/v2\/users\/1"}],"replies":[{"embeddable":true,"href":"https:\/\/vemet.ee\/fi\/wp-json\/wp\/v2\/comments?post=1314"}],"version-history":[{"count":1,"href":"https:\/\/vemet.ee\/fi\/wp-json\/wp\/v2\/pages\/1314\/revisions"}],"predecessor-version":[{"id":1315,"href":"https:\/\/vemet.ee\/fi\/wp-json\/wp\/v2\/pages\/1314\/revisions\/1315"}],"wp:attachment":[{"href":"https:\/\/vemet.ee\/fi\/wp-json\/wp\/v2\/media?parent=1314"}],"curies":[{"name":"wp","href":"https:\/\/api.w.org\/{rel}","templated":true}]}}