{"id":1312,"date":"2019-04-02T08:53:00","date_gmt":"2019-04-02T06:53:00","guid":{"rendered":"https:\/\/vemet.ee\/hitsaaminen\/"},"modified":"2019-04-02T08:55:11","modified_gmt":"2019-04-02T06:55:11","slug":"hitsaaminen","status":"publish","type":"page","link":"https:\/\/vemet.ee\/fi\/hitsaaminen\/","title":{"rendered":"Hitsaaminen"},"content":{"rendered":"<p><img fetchpriority=\"high\" decoding=\"async\" class=\"alignnone size-full wp-image-895\" src=\"https:\/\/vemet.ee\/wp-content\/uploads\/2019\/03\/keevitustood-keevitamine.jpg\" alt=\"Keevitamine ja keevitust\u00f6\u00f6d\" width=\"900\" height=\"603\" srcset=\"https:\/\/vemet.ee\/wp-content\/uploads\/2019\/03\/keevitustood-keevitamine.jpg 900w, https:\/\/vemet.ee\/wp-content\/uploads\/2019\/03\/keevitustood-keevitamine-300x201.jpg 300w, https:\/\/vemet.ee\/wp-content\/uploads\/2019\/03\/keevitustood-keevitamine-768x515.jpg 768w\" sizes=\"(max-width: 900px) 100vw, 900px\" \/><\/p>\n<h2>Hitsaaminen<\/h2>\n<p>Hitsaus on spesifi\u00e4 ja erityist\u00e4 osaamista vaativaa ty\u00f6t\u00e4, jota olemme tehneet vuodesta 1996.<\/p>\n<p>Suoritamme vaikeudeltaan eritasoisia hitsaust\u00f6it\u00e4 asiakkaan toiveiden ja tarpeiden mukaisesti.<\/p>\n<p><strong>Hitsaamme p\u00e4\u00e4asiassa:<\/strong><\/p>\n<ul>\n<li>ter\u00e4sputkia<\/li>\n<li>ter\u00e4spalkkeja<\/li>\n<li>ter\u00e4sverkkoja<\/li>\n<li>ter\u00e4sprofiileja<\/li>\n<\/ul>\n<p>Metallin lis\u00e4ksi toteutamme my\u00f6s korkealaatuisia koneenrakennuksen, runkojen ja rakenteiden hitsauksia.<\/p>\n<h2>K\u00e4ytetyt hitsausmenetelm\u00e4t.<\/h2>\n<ul>\n<li>MMA-hitsaus (elektrodihitsaus)<\/li>\n<li>MIG-MAG-hitsaus (kaasukaarihitsaus)<\/li>\n<li>TIG-hitsaus<\/li>\n<\/ul>\n<h2>Laadukkaat ja tarkat tuotteet<\/h2>\n<p>Hitsaajamme ovat alansa ammattilaisia &#8211; koulutettuja, kokeneita ja sertifioituja. Yli 20 vuoden ty\u00f6kokemuksen ansiosta saavutamme laadultaan erinomaisia ja tarkkoja tuloksia vaativissakin ty\u00f6st\u00f6vaiheissa.<\/p>\n<h2>Toimitusaikojen noudattaminen on meille ensiarvoista<\/h2>\n<p>M\u00e4\u00e4r\u00e4ajat ovat meille eritt\u00e4in t\u00e4rkeit\u00e4, mink\u00e4 vuoksi pid\u00e4mme aina kiinni sovituista toimitusajoista.<\/p>\n<h2>Ajanmukaiset laitteet<\/h2>\n<p>Ty\u00f6n laadun varmistamiseksi k\u00e4yt\u00e4mme vain sellaisia laitteita, jotka ovat ajanmukaisia ja t\u00e4ytt\u00e4v\u00e4t kaikki vaatimukset. K\u00e4yt\u00e4mme my\u00f6s laadukkaita, vaaditut sertifikaatit omaavia elektrodeja.<\/p>\n<h2>MIG-MAG-hitsaus \/ kaasukaarihitsaus<\/h2>\n<p>MIG-MAG-hitsaus tapahtuu inertin (MIG) tai aktiivisen (MAG) suojakaasun ymp\u00e4r\u00f6im\u00e4n\u00e4. Se on maailman yleisin hitsausmenetelm\u00e4, jota voidaan k\u00e4ytt\u00e4\u00e4 kaikkiin metallimateriaaleihin. Kaasukaarihitsausta k\u00e4ytet\u00e4\u00e4n p\u00e4\u00e4asiassa erilaisissa asennus-, rakennus- ja korjaust\u00f6iss\u00e4.<\/p>\n<p>Koska kaasukaarihitsauksessa ei ole elektrodin vaihtamisesta johtuvia katkoksia eik\u00e4 siit\u00e4 synny kuonaa, se takaa korkean tuottavuuden ja laadukkaan ty\u00f6n j\u00e4ljen.<\/p>\n<p>MIG-MAG-hitsaus ei kuitenkaan sovellu ulkok\u00e4ytt\u00f6\u00f6n, sill\u00e4 pienikin tuuli voi puhaltaa suojakaasun valokaaren ymp\u00e4rilt\u00e4.<\/p>\n<h2>MMA-hitsaus \/ puikkohitsaus<\/h2>\n<p>MMA-hitsauksen energial\u00e4hde on valokaaren tuottama l\u00e4mp\u00f6. Ty\u00f6kappaleiden reunat sulatetaan yhteen valokaarella, ja lis\u00e4metallina k\u00e4ytet\u00e4\u00e4n p\u00e4\u00e4asiassa sulavaa volframipuikkoa. Kaaren keskell\u00e4 l\u00e4mp\u00f6tila voi olla 6000-7000 astetta.<\/p>\n<p>Toisin kuin kaasukaarihitsaus, puikkohitsaus ei riipu s\u00e4\u00e4olosuhteista. Toisaalta puikkohitsaus vie enemm\u00e4n aikaa, koska elektrodia joutuu jatkuvasti vaihtamaan ja hitsaussaumat on puhdistettava syntyneest\u00e4 kuonasta.<\/p>\n<h2>TIG-hitsaus<\/h2>\n<p>TIG-hitsauksessa valokaari palaa sulamattoman volframielektrodin ja ty\u00f6kappaleen v\u00e4liss\u00e4 suojakaasun ymp\u00e4r\u00f6im\u00e4n\u00e4. TIG-hitsaustekniikka on luonteeltaan hyvin samanlaista kuin kaasuhitsaus.<\/p>\n<p>Vaikka TIG-hitsaus on aikaa viev\u00e4mp\u00e4\u00e4 kuin MIG\/MAG-hitsaus (vaatii tarkempaa ty\u00f6st\u00f6\u00e4), hitsausprosessin tuloksia pidet\u00e4\u00e4n parempina kuin kaasukaarihitsauksessa.<\/p>\n<p>Hitsausmenetelm\u00e4n suurin etu on, ett\u00e4 se soveltuu erilaisten materiaalien hitsaukseen ja sill\u00e4 voidaan hitsata suhteellisen ohuita materiaaleja. Lis\u00e4ksi TIG ei synnyt\u00e4 roiskeita.<\/p>\n<p>Yleisesti TIG-hitsaus soveltuu kaikenlaisiin putkiin, l\u00e4mm\u00f6nvaihtimiin, elektroniikkaan jne.<\/p>\n<h2>Hitsaust\u00f6iden tilaaminen<\/h2>\n<p>Ota meihin yhteytt\u00e4 puhelimitse +372 5207849 tai l\u00e4het\u00e4 s\u00e4hk\u00f6postia osoitteeseen vemet@vemet.ee hitsauksen tilaamiseksi.<\/p>\n","protected":false},"excerpt":{"rendered":"<p>Hitsaaminen Hitsaus on spesifi\u00e4 ja erityist\u00e4 osaamista vaativaa ty\u00f6t\u00e4, jota olemme tehneet vuodesta 1996. Suoritamme [&hellip;]<\/p>\n","protected":false},"author":1,"featured_media":0,"parent":0,"menu_order":0,"comment_status":"closed","ping_status":"closed","template":"","meta":{"_seopress_robots_primary_cat":"","_seopress_titles_title":"Hitsaaminen - Vemet OY","_seopress_titles_desc":"Hitsaaminen. Hitsaus on spesifi\u00e4 ja erityist\u00e4 osaamista vaativaa ty\u00f6t\u00e4, jota olemme tehneet vuodesta 1996. Toimitusaikojen noudattaminen on meille ensiarvoista","_seopress_robots_index":"","site-sidebar-layout":"default","site-content-layout":"default","ast-site-content-layout":"default","site-content-style":"default","site-sidebar-style":"default","ast-global-header-display":"","ast-banner-title-visibility":"","ast-main-header-display":"","ast-hfb-above-header-display":"","ast-hfb-below-header-display":"","ast-hfb-mobile-header-display":"","site-post-title":"","ast-breadcrumbs-content":"","ast-featured-img":"","footer-sml-layout":"","theme-transparent-header-meta":"default","adv-header-id-meta":"","stick-header-meta":"default","header-above-stick-meta":"","header-main-stick-meta":"","header-below-stick-meta":"","astra-migrate-meta-layouts":"default","ast-page-background-enabled":"default","ast-page-background-meta":{"desktop":{"background-color":"","background-image":"","background-repeat":"repeat","background-position":"center center","background-size":"auto","background-attachment":"scroll","background-type":"","background-media":"","overlay-type":"","overlay-color":"","overlay-opacity":"","overlay-gradient":""},"tablet":{"background-color":"","background-image":"","background-repeat":"repeat","background-position":"center center","background-size":"auto","background-attachment":"scroll","background-type":"","background-media":"","overlay-type":"","overlay-color":"","overlay-opacity":"","overlay-gradient":""},"mobile":{"background-color":"","background-image":"","background-repeat":"repeat","background-position":"center center","background-size":"auto","background-attachment":"scroll","background-type":"","background-media":"","overlay-type":"","overlay-color":"","overlay-opacity":"","overlay-gradient":""}},"ast-content-background-meta":{"desktop":{"background-color":"var(--ast-global-color-5)","background-image":"","background-repeat":"repeat","background-position":"center center","background-size":"auto","background-attachment":"scroll","background-type":"","background-media":"","overlay-type":"","overlay-color":"","overlay-opacity":"","overlay-gradient":""},"tablet":{"background-color":"var(--ast-global-color-5)","background-image":"","background-repeat":"repeat","background-position":"center center","background-size":"auto","background-attachment":"scroll","background-type":"","background-media":"","overlay-type":"","overlay-color":"","overlay-opacity":"","overlay-gradient":""},"mobile":{"background-color":"var(--ast-global-color-5)","background-image":"","background-repeat":"repeat","background-position":"center center","background-size":"auto","background-attachment":"scroll","background-type":"","background-media":"","overlay-type":"","overlay-color":"","overlay-opacity":"","overlay-gradient":""}},"footnotes":""},"class_list":["post-1312","page","type-page","status-publish","hentry"],"_links":{"self":[{"href":"https:\/\/vemet.ee\/fi\/wp-json\/wp\/v2\/pages\/1312","targetHints":{"allow":["GET"]}}],"collection":[{"href":"https:\/\/vemet.ee\/fi\/wp-json\/wp\/v2\/pages"}],"about":[{"href":"https:\/\/vemet.ee\/fi\/wp-json\/wp\/v2\/types\/page"}],"author":[{"embeddable":true,"href":"https:\/\/vemet.ee\/fi\/wp-json\/wp\/v2\/users\/1"}],"replies":[{"embeddable":true,"href":"https:\/\/vemet.ee\/fi\/wp-json\/wp\/v2\/comments?post=1312"}],"version-history":[{"count":1,"href":"https:\/\/vemet.ee\/fi\/wp-json\/wp\/v2\/pages\/1312\/revisions"}],"predecessor-version":[{"id":1313,"href":"https:\/\/vemet.ee\/fi\/wp-json\/wp\/v2\/pages\/1312\/revisions\/1313"}],"wp:attachment":[{"href":"https:\/\/vemet.ee\/fi\/wp-json\/wp\/v2\/media?parent=1312"}],"curies":[{"name":"wp","href":"https:\/\/api.w.org\/{rel}","templated":true}]}}