{"id":1310,"date":"2019-04-02T08:49:26","date_gmt":"2019-04-02T06:49:26","guid":{"rendered":"https:\/\/vemet.ee\/koneenrakennus-ja-laitevalmistus\/"},"modified":"2019-04-02T09:09:10","modified_gmt":"2019-04-02T07:09:10","slug":"koneenrakennus-ja-laitevalmistus","status":"publish","type":"page","link":"https:\/\/vemet.ee\/fi\/koneenrakennus-ja-laitevalmistus\/","title":{"rendered":"Koneenrakennus ja laitevalmistus"},"content":{"rendered":"<p><img fetchpriority=\"high\" decoding=\"async\" class=\"alignnone size-full wp-image-880\" src=\"https:\/\/vemet.ee\/wp-content\/uploads\/2019\/03\/masinaehitus.jpg\" alt=\"Masinaehitus\" width=\"900\" height=\"417\" srcset=\"https:\/\/vemet.ee\/wp-content\/uploads\/2019\/03\/masinaehitus.jpg 900w, https:\/\/vemet.ee\/wp-content\/uploads\/2019\/03\/masinaehitus-300x139.jpg 300w, https:\/\/vemet.ee\/wp-content\/uploads\/2019\/03\/masinaehitus-768x356.jpg 768w\" sizes=\"(max-width: 900px) 100vw, 900px\" \/><\/p>\n<h2>Koneenrakennus ja laitevalmistus<\/h2>\n<p>Koneenrakennus ja laitevalmistus ovat aloja, joilla olemme toimineet vuodesta 1996. Olemme erikoistuneet p\u00e4\u00e4asiassa tekstiiliteollisuuden ja huonekaluteollisuuden koneiden valmistukseen ja kokoonpanoon. Tarvittaessa pystymme tarjoamaan my\u00f6s erilaisia \u200b\u200bteollisuusautomaatioratkaisuja.<\/p>\n<p>Lis\u00e4ksi valmistamme ja kokoamme erikokoisia ja -mallisia pakkauskuljettimia sek\u00e4 muita koneteollisuuden laitteita ja osia.<\/p>\n<p>Tarjoamme seuraavia koneenrakennuspalveluja:<\/p>\n<ul>\n<li>koneiden \/ laitteiden suunnittelu<\/li>\n<li>koneiden \/ laitteiden prototyyppien tuotanto<\/li>\n<li>Koneiden \/ laitteiden rakentaminen<\/li>\n<li>Koneenosien valmistus<\/li>\n<li>Tuotantoprosessien automatisointi<\/li>\n<\/ul>\n<h2>Laadukkaat ja tarkat tuotteet<\/h2>\n<p>Koneenrakennuksessa k\u00e4yt\u00e4mme ammattilaisia, joilla on oman erikoisalansa koulutus. Yli 20 vuoden ty\u00f6kokemuksen ansiosta saavutamme laadultaan erinomaisia ja tarkkoja tuloksia vaativissakin ty\u00f6st\u00f6vaiheissa.<\/p>\n<h2>Koneiden \/ laitteiden suunnittelu<\/h2>\n<p>Koneinsin\u00f6\u00f6rimme osallistuvat jatkuvasti uusien tuotteiden suunnitteluun, mink\u00e4 ansiosta he l\u00f6yt\u00e4v\u00e4t tuotannon tehokkuuden lis\u00e4\u00e4miseksi uusia tapoja, tuotantotavan luonteesta (esim. massa- tai sarjatuotanto) riippuen.<\/p>\n<p>Jotta konesuunnittelu olisi mahdollisimman tehokasta, toimimme yleens\u00e4 seuraavassa j\u00e4rjestyksess\u00e4:<\/p>\n<ul>\n<li>Syvennymme teht\u00e4v\u00e4\u00e4n<\/li>\n<li>Etsimme ideoita<\/li>\n<li>Arvioimme ratkaisuvaihtoehtoja<\/li>\n<li>Teemme luonnokset mittakaavassa<\/li>\n<li>Suoritamme tuotantotekniset ja taloudelliset arvioinnit<\/li>\n<\/ul>\n<p>Sen j\u00e4lkeen, kun projektista on tehty my\u00f6nteinen p\u00e4\u00e4t\u00f6s:<\/p>\n<ul>\n<li>Optimoimme yksityiskohdat<\/li>\n<li>Valmistelemme prototyypin, jota testataan<\/li>\n<li>Korjaamme piirustuksia ja teknisi\u00e4 yksityiskohtia<\/li>\n<li>Suuntaamme koneen \/ laitteen tuotantoon<\/li>\n<\/ul>\n<h2>Prototyyppien valmistus<\/h2>\n<p>Koneentakennuksen ja laitevalmistuksen lis\u00e4ksi tarjoamme kattavaa palvelua valmistamalla prototyyppej\u00e4. Tarvittaessa valmistamme ja vahvistamme\u00a0 tuotteeseen liittyv\u00e4t piirustukset ja etsimme sopivimman teknologian niiden valmistamiseksi.<\/p>\n<p><strong>Siten voimme:<\/strong><\/p>\n<ul>\n<li>saavuttaa tehokkaita tuloksia kehitysty\u00f6ss\u00e4<\/li>\n<li>keskitty\u00e4 tuotantoon liittyviin yksityiskohtiin<\/li>\n<\/ul>\n<h2>Asiakkaan toiveista ja erityistarpeista l\u00e4htev\u00e4 koneenrakennus<\/h2>\n<p>Tuotteita suunniteltaessa l\u00e4hdemme yleens\u00e4 siit\u00e4, ett\u00e4 laite olisi tarkoituksenmukainen, luotettava ja kustannustehokas. Otamme pitk\u00e4aikaiset kumppanimme ja toimittajamme tarvittaessa mukaan laitteiden kehitt\u00e4miseen.<\/p>\n<p>Teemme yhteisty\u00f6t\u00e4 asiakkaan kanssa, jotta voisimme t\u00e4ytt\u00e4\u00e4 asiakkaidemme toiveet ja erityistarpeet mahdollisimman hyvin. Ty\u00f6prosessin aikana tarjoamme jatkuvasti my\u00f6s omia ratkaisuehdotuksiamme.<\/p>\n<h2>T\u00e4ysi palvelu tilauksesta toimitukseen<\/h2>\n<p>Aika on kallisarvoista. Siksi teemme palvelumme asiakkaalle mahdollisimman miellytt\u00e4v\u00e4ksi ja tarjoamme h\u00e4nelle t\u00e4ytt\u00e4 palvelua, joka pit\u00e4\u00e4 sis\u00e4ll\u00e4\u00e4n kaiken neuvonnasta koneen toimittamiseen ja asentamiseen.<\/p>\n<p>Hyvien yhteisty\u00f6kumppaneidemme ja toimittajiemme kanssa teemme kaikkemme, ett\u00e4 asiakas saa tarvitsemansa koneenosat.<\/p>\n<h2>Toimitusaikojen noudattaminen on meille ensiarvoista<\/h2>\n<p>M\u00e4\u00e4r\u00e4ajat ovat meille eritt\u00e4in t\u00e4rkeit\u00e4, mink\u00e4 vuoksi pid\u00e4mme aina kiinni sovituista toimitusajoista.<\/p>\n<h2>Ty\u00f6ntekij\u00f6idemme ammattitaito<\/h2>\n<p>Konepajassamme (ja yhteisty\u00f6kumppaniemme yrityksiss\u00e4) ty\u00f6skentelee eritt\u00e4in p\u00e4tevi\u00e4 eri alojen ammattilaisia, joiden osaamista testataan laajasta ty\u00f6kokemuksesta \u200b\u200bhuolimatta s\u00e4\u00e4nn\u00f6llisesti (EN1090). N\u00e4in varmistetaan, ett\u00e4 suunnittelijoiden, insin\u00f6\u00f6rien ja ty\u00f6ntekij\u00f6iden ammattitaito pysyy korkeana.<\/p>\n<h2>Koneenrakennust\u00f6iden tilaus<\/h2>\n<p>Tilauksen tekemiseksi ota yhteytt\u00e4 joko puhelimitse +372 5207849 tai l\u00e4het\u00e4 s\u00e4hk\u00f6postia osoitteeseen vemet@vemet.ee.<\/p>\n","protected":false},"excerpt":{"rendered":"<p>Koneenrakennus ja laitevalmistus Koneenrakennus ja laitevalmistus ovat aloja, joilla olemme toimineet vuodesta 1996. Olemme erikoistuneet [&hellip;]<\/p>\n","protected":false},"author":1,"featured_media":0,"parent":0,"menu_order":0,"comment_status":"closed","ping_status":"closed","template":"","meta":{"_seopress_robots_primary_cat":"","_seopress_titles_title":"Koneenrakennus ja laitevalmistus - Vemet OY","_seopress_titles_desc":"Koneenrakennus ja laitevalmistus ovat aloja, joilla olemme toimineet vuodesta 1996. Toimitusaikojen noudattaminen on meille ensiarvoista. Ota yhteytt\u00e4.","_seopress_robots_index":"","site-sidebar-layout":"default","site-content-layout":"default","ast-site-content-layout":"default","site-content-style":"default","site-sidebar-style":"default","ast-global-header-display":"","ast-banner-title-visibility":"","ast-main-header-display":"","ast-hfb-above-header-display":"","ast-hfb-below-header-display":"","ast-hfb-mobile-header-display":"","site-post-title":"","ast-breadcrumbs-content":"","ast-featured-img":"","footer-sml-layout":"","theme-transparent-header-meta":"default","adv-header-id-meta":"","stick-header-meta":"default","header-above-stick-meta":"","header-main-stick-meta":"","header-below-stick-meta":"","astra-migrate-meta-layouts":"default","ast-page-background-enabled":"default","ast-page-background-meta":{"desktop":{"background-color":"","background-image":"","background-repeat":"repeat","background-position":"center center","background-size":"auto","background-attachment":"scroll","background-type":"","background-media":"","overlay-type":"","overlay-color":"","overlay-opacity":"","overlay-gradient":""},"tablet":{"background-color":"","background-image":"","background-repeat":"repeat","background-position":"center center","background-size":"auto","background-attachment":"scroll","background-type":"","background-media":"","overlay-type":"","overlay-color":"","overlay-opacity":"","overlay-gradient":""},"mobile":{"background-color":"","background-image":"","background-repeat":"repeat","background-position":"center center","background-size":"auto","background-attachment":"scroll","background-type":"","background-media":"","overlay-type":"","overlay-color":"","overlay-opacity":"","overlay-gradient":""}},"ast-content-background-meta":{"desktop":{"background-color":"var(--ast-global-color-5)","background-image":"","background-repeat":"repeat","background-position":"center center","background-size":"auto","background-attachment":"scroll","background-type":"","background-media":"","overlay-type":"","overlay-color":"","overlay-opacity":"","overlay-gradient":""},"tablet":{"background-color":"var(--ast-global-color-5)","background-image":"","background-repeat":"repeat","background-position":"center center","background-size":"auto","background-attachment":"scroll","background-type":"","background-media":"","overlay-type":"","overlay-color":"","overlay-opacity":"","overlay-gradient":""},"mobile":{"background-color":"var(--ast-global-color-5)","background-image":"","background-repeat":"repeat","background-position":"center center","background-size":"auto","background-attachment":"scroll","background-type":"","background-media":"","overlay-type":"","overlay-color":"","overlay-opacity":"","overlay-gradient":""}},"footnotes":""},"class_list":["post-1310","page","type-page","status-publish","hentry"],"_links":{"self":[{"href":"https:\/\/vemet.ee\/fi\/wp-json\/wp\/v2\/pages\/1310","targetHints":{"allow":["GET"]}}],"collection":[{"href":"https:\/\/vemet.ee\/fi\/wp-json\/wp\/v2\/pages"}],"about":[{"href":"https:\/\/vemet.ee\/fi\/wp-json\/wp\/v2\/types\/page"}],"author":[{"embeddable":true,"href":"https:\/\/vemet.ee\/fi\/wp-json\/wp\/v2\/users\/1"}],"replies":[{"embeddable":true,"href":"https:\/\/vemet.ee\/fi\/wp-json\/wp\/v2\/comments?post=1310"}],"version-history":[{"count":2,"href":"https:\/\/vemet.ee\/fi\/wp-json\/wp\/v2\/pages\/1310\/revisions"}],"predecessor-version":[{"id":1319,"href":"https:\/\/vemet.ee\/fi\/wp-json\/wp\/v2\/pages\/1310\/revisions\/1319"}],"wp:attachment":[{"href":"https:\/\/vemet.ee\/fi\/wp-json\/wp\/v2\/media?parent=1310"}],"curies":[{"name":"wp","href":"https:\/\/api.w.org\/{rel}","templated":true}]}}