{"id":1482,"date":"2019-04-09T11:59:20","date_gmt":"2019-04-09T09:59:20","guid":{"rendered":"https:\/\/vemet.ee\/metal-painting-and-surfacing-powder-coating-wet-painting-galvanizing-chrome-plating\/"},"modified":"2019-04-09T11:59:20","modified_gmt":"2019-04-09T09:59:20","slug":"metal-painting-and-surfacing-powder-coating-wet-painting-galvanizing-chrome-plating","status":"publish","type":"page","link":"https:\/\/vemet.ee\/en\/metal-painting-and-surfacing-powder-coating-wet-painting-galvanizing-chrome-plating\/","title":{"rendered":"Metal painting and surfacing \u2013 powder coating, wet painting, galvanizing, chrome plating"},"content":{"rendered":"<p><img fetchpriority=\"high\" decoding=\"async\" class=\"alignnone size-full wp-image-967\" src=\"https:\/\/vemet.ee\/wp-content\/uploads\/2019\/03\/metalli-varvimine.jpg\" alt=\"Metalli v\u00e4rvimine ja pinnat\u00f6\u00f6tlus \u2013 pulberv\u00e4rvimine, m\u00e4rgv\u00e4rvimine, tsinkimine, kroomimine\" width=\"900\" height=\"486\" srcset=\"https:\/\/vemet.ee\/wp-content\/uploads\/2019\/03\/metalli-varvimine.jpg 900w, https:\/\/vemet.ee\/wp-content\/uploads\/2019\/03\/metalli-varvimine-300x162.jpg 300w, https:\/\/vemet.ee\/wp-content\/uploads\/2019\/03\/metalli-varvimine-768x415.jpg 768w\" sizes=\"(max-width: 900px) 100vw, 900px\" \/><\/p>\n<h1 style=\"margin: 6.0pt 0cm 6.0pt 0cm;\">Metal painting and surfacing \u2013 powder coating, wet painting, galvanizing, chrome plating<\/h1>\n<p>In cooperation with our partners, we offer the following services:<\/p>\n<ul>\n<li>metal painting;<\/li>\n<li>powder coating;<\/li>\n<li>wet painting;<\/li>\n<li>fireproof paint for metal;<\/li>\n<li>galvanizing;<\/li>\n<li>chrome plating;<\/li>\n<li>sandblasting<\/li>\n<\/ul>\n<h2>Metal painting and surfacing<\/h2>\n<p>We offer full metal painting and surfacing services from the first consultation to the delivery of the details. To achieve the very best result, we work together with the client through the following process:<\/p>\n<ul>\n<li>initial consultation;<\/li>\n<li>advising on choosing the most suitable painting solution;<\/li>\n<li>removing oils and dirt from the details;<\/li>\n<li>shaving or sandblasting the details<\/li>\n<li>galvanizing details;<\/li>\n<li>painting details<\/li>\n<\/ul>\n<h2>Powder coating<\/h2>\n<p>When using powder coating, the pigments are in a powdered state and free of solvents.<\/p>\n<p>Powder coating is a good option for protecting the metal details from corrosion or other weather effects. In addition, powder coating gives an exemplary finish to the surface of the metal and attractive shading. Powder coated surfaces have a long lifespan and are very resistant to damage.<\/p>\n<p>Powder coating is mainly used for painting metal objects, but can also be used on other materials (ceramics, wood, plastic, etc.). Thus, powder coating is widely used in many production areas, from metal posts to street furniture.<\/p>\n<p><img decoding=\"async\" class=\"alignnone size-full wp-image-970\" src=\"https:\/\/vemet.ee\/wp-content\/uploads\/2019\/03\/margvarvimine.jpg\" alt=\"Metalli v\u00e4rvimine ja pinnat\u00f6\u00f6tlus \u2013 pulberv\u00e4rvimine, m\u00e4rgv\u00e4rvimine, tsinkimine, kroomimine\" width=\"900\" height=\"444\" srcset=\"https:\/\/vemet.ee\/wp-content\/uploads\/2019\/03\/margvarvimine.jpg 900w, https:\/\/vemet.ee\/wp-content\/uploads\/2019\/03\/margvarvimine-300x148.jpg 300w, https:\/\/vemet.ee\/wp-content\/uploads\/2019\/03\/margvarvimine-768x379.jpg 768w\" sizes=\"(max-width: 900px) 100vw, 900px\" \/><\/p>\n<h2>Industrial wet painting of metal structures<\/h2>\n<p>In addition to other methods of painting metal, we also do industrial wet painting. We can do wet paining on large industrial objects as well as smaller details.<\/p>\n<p>In order to achieve the best result, we work through all the client\u2019s wishes and choose appropriate paints on that basis.<\/p>\n<h2>Galvanizing steel products<\/h2>\n<p>The primary goal of galvanizing metal is to protect it from corrosion. Galvanizing also provides a more exemplary and decorative appearance.<\/p>\n<p>Hot dip galvanizing of steel products extends the life of the product significantly. For instance, a proper galvanizing process adds approximately 50 years to the life of a surface in most environments. In maritime and urban conditions, galvanized surfaces can last up to 25 years longer.<\/p>\n<p>To get the best quality of galvanization, we start doing intensive collaboration with the client at the very beginning of the project. During this process we:<\/p>\n<ul>\n<li>specify the client\u2019s wishes<\/li>\n<li>examine the designer\u2019s requirements<\/li>\n<li>review the selection of steel<\/li>\n<\/ul>\n<p>It is important to emphasize at this point that not all steel can be properly galvanized, so these factors must be considered early on in the process.<\/p>\n<p><img decoding=\"async\" class=\"alignnone size-full wp-image-979\" src=\"https:\/\/vemet.ee\/wp-content\/uploads\/2019\/03\/kroomimine.jpg\" alt=\"Metalli kroomimine\" width=\"895\" height=\"521\" srcset=\"https:\/\/vemet.ee\/wp-content\/uploads\/2019\/03\/kroomimine.jpg 895w, https:\/\/vemet.ee\/wp-content\/uploads\/2019\/03\/kroomimine-300x175.jpg 300w, https:\/\/vemet.ee\/wp-content\/uploads\/2019\/03\/kroomimine-768x447.jpg 768w\" sizes=\"(max-width: 895px) 100vw, 895px\" \/><\/p>\n<h2>Chrome plating<\/h2>\n<p>Chroming is mainly used to protect or decorate metal products.<\/p>\n<p>The chroming process:<\/p>\n<ul>\n<li>the metal plating is heated until boiling<\/li>\n<li>in the heating process, the evaporated metal condenses around the surface of the base metal in a vacuum chamber.<\/li>\n<\/ul>\n<p>Since chrome plating requires substantial preparation, when compared to other methods of processing metal, this is a somewhat more expensive service.<\/p>\n<h2>Holding to the delivery deadline is our main priority<\/h2>\n<p>Deadlines are very important to us, which is why we always meet the promised delivery date.<\/p>\n<h2>Ordering metal painting<\/h2>\n<p>To order a metal painting project, contact us by telephone &#8211; +372 5207849 or by email &#8211; vemet@vemet.ee<\/p>\n","protected":false},"excerpt":{"rendered":"<p>Metal painting and surfacing \u2013 powder coating, wet painting, galvanizing, chrome plating In cooperation with [&hellip;]<\/p>\n","protected":false},"author":1,"featured_media":0,"parent":0,"menu_order":0,"comment_status":"closed","ping_status":"closed","template":"","meta":{"_seopress_robots_primary_cat":"","_seopress_titles_title":"","_seopress_titles_desc":"","_seopress_robots_index":"","site-sidebar-layout":"default","site-content-layout":"default","ast-site-content-layout":"default","site-content-style":"default","site-sidebar-style":"default","ast-global-header-display":"","ast-banner-title-visibility":"","ast-main-header-display":"","ast-hfb-above-header-display":"","ast-hfb-below-header-display":"","ast-hfb-mobile-header-display":"","site-post-title":"","ast-breadcrumbs-content":"","ast-featured-img":"","footer-sml-layout":"","theme-transparent-header-meta":"default","adv-header-id-meta":"","stick-header-meta":"","header-above-stick-meta":"","header-main-stick-meta":"","header-below-stick-meta":"","astra-migrate-meta-layouts":"default","ast-page-background-enabled":"default","ast-page-background-meta":{"desktop":{"background-color":"","background-image":"","background-repeat":"repeat","background-position":"center center","background-size":"auto","background-attachment":"scroll","background-type":"","background-media":"","overlay-type":"","overlay-color":"","overlay-opacity":"","overlay-gradient":""},"tablet":{"background-color":"","background-image":"","background-repeat":"repeat","background-position":"center center","background-size":"auto","background-attachment":"scroll","background-type":"","background-media":"","overlay-type":"","overlay-color":"","overlay-opacity":"","overlay-gradient":""},"mobile":{"background-color":"","background-image":"","background-repeat":"repeat","background-position":"center center","background-size":"auto","background-attachment":"scroll","background-type":"","background-media":"","overlay-type":"","overlay-color":"","overlay-opacity":"","overlay-gradient":""}},"ast-content-background-meta":{"desktop":{"background-color":"var(--ast-global-color-5)","background-image":"","background-repeat":"repeat","background-position":"center center","background-size":"auto","background-attachment":"scroll","background-type":"","background-media":"","overlay-type":"","overlay-color":"","overlay-opacity":"","overlay-gradient":""},"tablet":{"background-color":"var(--ast-global-color-5)","background-image":"","background-repeat":"repeat","background-position":"center center","background-size":"auto","background-attachment":"scroll","background-type":"","background-media":"","overlay-type":"","overlay-color":"","overlay-opacity":"","overlay-gradient":""},"mobile":{"background-color":"var(--ast-global-color-5)","background-image":"","background-repeat":"repeat","background-position":"center center","background-size":"auto","background-attachment":"scroll","background-type":"","background-media":"","overlay-type":"","overlay-color":"","overlay-opacity":"","overlay-gradient":""}},"footnotes":""},"class_list":["post-1482","page","type-page","status-publish","hentry"],"_links":{"self":[{"href":"https:\/\/vemet.ee\/en\/wp-json\/wp\/v2\/pages\/1482","targetHints":{"allow":["GET"]}}],"collection":[{"href":"https:\/\/vemet.ee\/en\/wp-json\/wp\/v2\/pages"}],"about":[{"href":"https:\/\/vemet.ee\/en\/wp-json\/wp\/v2\/types\/page"}],"author":[{"embeddable":true,"href":"https:\/\/vemet.ee\/en\/wp-json\/wp\/v2\/users\/1"}],"replies":[{"embeddable":true,"href":"https:\/\/vemet.ee\/en\/wp-json\/wp\/v2\/comments?post=1482"}],"version-history":[{"count":0,"href":"https:\/\/vemet.ee\/en\/wp-json\/wp\/v2\/pages\/1482\/revisions"}],"wp:attachment":[{"href":"https:\/\/vemet.ee\/en\/wp-json\/wp\/v2\/media?parent=1482"}],"curies":[{"name":"wp","href":"https:\/\/api.w.org\/{rel}","templated":true}]}}